{"id":2948,"date":"2025-11-05T14:43:34","date_gmt":"2025-11-05T13:43:34","guid":{"rendered":"https:\/\/www.sunnertracking.com\/noticias\/"},"modified":"2025-11-27T16:24:02","modified_gmt":"2025-11-27T15:24:02","slug":"noticias","status":"publish","type":"page","link":"https:\/\/www.sunnertracking.com\/es\/noticias\/","title":{"rendered":"Noticias"},"content":{"rendered":"\t\t<div data-elementor-type=\"wp-page\" data-elementor-id=\"2948\" class=\"elementor elementor-2948 elementor-2942\" data-elementor-post-type=\"page\">\n\t\t\t\t<div class=\"elementor-element elementor-element-013795c e-con-full e-flex e-con e-parent\" data-id=\"013795c\" data-element_type=\"container\" data-e-type=\"container\" data-settings=\"{&quot;background_background&quot;:&quot;classic&quot;}\">\n\t\t\t\t<div class=\"elementor-element elementor-element-b243089 elementor-widget elementor-widget-heading\" data-id=\"b243089\" data-element_type=\"widget\" data-e-type=\"widget\" data-settings=\"{&quot;_animation&quot;:&quot;none&quot;}\" data-widget_type=\"heading.default\">\n\t\t\t\t<div class=\"elementor-widget-container\">\n\t\t\t\t\t<h1 class=\"elementor-heading-title elementor-size-default\">Noticias<\/h1>\t\t\t\t<\/div>\n\t\t\t\t<\/div>\n\t\t\t\t<\/div>\n\t\t<div class=\"elementor-element elementor-element-defc912 e-con-full e-flex e-con e-parent\" data-id=\"defc912\" data-element_type=\"container\" data-e-type=\"container\">\n\t\t\t\t<div class=\"elementor-element elementor-element-53cdf77 elementor-invisible elementor-widget elementor-widget-heading\" data-id=\"53cdf77\" data-element_type=\"widget\" data-e-type=\"widget\" data-settings=\"{&quot;_animation&quot;:&quot;fadeInLeft&quot;}\" data-widget_type=\"heading.default\">\n\t\t\t\t<div class=\"elementor-widget-container\">\n\t\t\t\t\t<h2 class=\"elementor-heading-title elementor-size-default\">Noticias destacadas<\/h2>\t\t\t\t<\/div>\n\t\t\t\t<\/div>\n\t\t\t\t<div class=\"elementor-element elementor-element-06afa6e elementor-grid-1 elementor-posts--thumbnail-left elementor-widget-tablet__width-initial animated-slow elementor-grid-tablet-1 elementor-grid-mobile-1 elementor-invisible elementor-widget elementor-widget-posts\" data-id=\"06afa6e\" data-element_type=\"widget\" data-e-type=\"widget\" data-settings=\"{&quot;classic_columns&quot;:&quot;1&quot;,&quot;classic_row_gap_tablet&quot;:{&quot;unit&quot;:&quot;px&quot;,&quot;size&quot;:1,&quot;sizes&quot;:[]},&quot;_animation&quot;:&quot;fadeIn&quot;,&quot;_animation_delay&quot;:200,&quot;classic_columns_tablet&quot;:&quot;1&quot;,&quot;classic_columns_mobile&quot;:&quot;1&quot;,&quot;classic_row_gap&quot;:{&quot;unit&quot;:&quot;px&quot;,&quot;size&quot;:35,&quot;sizes&quot;:[]},&quot;classic_row_gap_widescreen&quot;:{&quot;unit&quot;:&quot;px&quot;,&quot;size&quot;:&quot;&quot;,&quot;sizes&quot;:[]},&quot;classic_row_gap_laptop&quot;:{&quot;unit&quot;:&quot;px&quot;,&quot;size&quot;:&quot;&quot;,&quot;sizes&quot;:[]},&quot;classic_row_gap_mobile&quot;:{&quot;unit&quot;:&quot;px&quot;,&quot;size&quot;:&quot;&quot;,&quot;sizes&quot;:[]}}\" data-widget_type=\"posts.classic\">\n\t\t\t\t<div class=\"elementor-widget-container\">\n\t\t\t\t\t\t\t<div class=\"elementor-posts-container elementor-posts elementor-posts--skin-classic elementor-grid\" role=\"list\">\n\t\t\t\t<article class=\"elementor-post elementor-grid-item post-3087 post type-post status-publish format-standard has-post-thumbnail hentry category-novedades tag-powerrevive-es tag-servicios tag-sunner tag-trackinginnovation\" role=\"listitem\">\n\t\t\t\t<a class=\"elementor-post__thumbnail__link\" href=\"https:\/\/www.sunnertracking.com\/es\/sunner-power-revive-soluciones-a-medida-rendimiento-sin-limites\/\" tabindex=\"-1\" >\n\t\t\t<div class=\"elementor-post__thumbnail\"><img fetchpriority=\"high\" decoding=\"async\" width=\"1024\" height=\"528\" src=\"https:\/\/www.sunnertracking.com\/wp-content\/uploads\/2025\/11\/POWER-REVIVE-Genera.jpg\" class=\"attachment-full size-full wp-image-3061\" alt=\"Imagen informativa sobre SUNNER PowerRevive, con los diferentes servicios que ofrecemos (Revamping, Performance Audit, Structure Health y Training&amp;Team certification) y banner de futura presencia en Genera.\" srcset=\"https:\/\/www.sunnertracking.com\/wp-content\/uploads\/2025\/11\/POWER-REVIVE-Genera.jpg 1024w, https:\/\/www.sunnertracking.com\/wp-content\/uploads\/2025\/11\/POWER-REVIVE-Genera-300x155.jpg 300w, https:\/\/www.sunnertracking.com\/wp-content\/uploads\/2025\/11\/POWER-REVIVE-Genera-768x396.jpg 768w\" sizes=\"(max-width: 1024px) 100vw, 1024px\" \/><\/div>\n\t\t<\/a>\n\t\t\t\t<div class=\"elementor-post__text\">\n\t\t\t\t<h2 class=\"elementor-post__title\">\n\t\t\t<a href=\"https:\/\/www.sunnertracking.com\/es\/sunner-power-revive-soluciones-a-medida-rendimiento-sin-limites\/\" >\n\t\t\t\tSUNNER Power Revive: Soluciones a medida. Rendimiento sin l\u00edmites.\t\t\t<\/a>\n\t\t<\/h2>\n\t\t\t\t<div class=\"elementor-post__meta-data\">\n\t\t\t\t\t<span class=\"elementor-post-author\">\n\t\t\tSunner\t\t<\/span>\n\t\t\t\t<span class=\"elementor-post-date\">\n\t\t\t6 de noviembre de 2025\t\t<\/span>\n\t\t\t\t<\/div>\n\t\t\t\t<div class=\"elementor-post__excerpt\">\n\t\t\t<p>En Sunner creemos que todas las plantas solares merecen rendir al m\u00e1ximo. Por eso hemos creado #PowerRevive, un conjunto de servicios de ingenier\u00eda avanzada dise\u00f1ados para revitalizar, optimizar y prolongar la vida \u00fatil de las instalaciones fotovoltaicas. <\/p>\n<p>Basado en la base tecnol\u00f3gica de IED, PowerRevive combina innovaci\u00f3n, experiencia en el campo y colaboraci\u00f3n con los clientes para ofrecer #SolucionesAMedida que mejoran la eficiencia, la fiabilidad y el valor a largo plazo&#8230;<\/p>\n\t\t<\/div>\n\t\t\t\t\t<div class=\"elementor-post__read-more-wrapper\">\n\t\t\n\t\t<a class=\"elementor-post__read-more\" href=\"https:\/\/www.sunnertracking.com\/es\/sunner-power-revive-soluciones-a-medida-rendimiento-sin-limites\/\" aria-label=\"M\u00e1s informaci\u00f3n sobre SUNNER Power Revive: Soluciones a medida. Rendimiento sin l\u00edmites.\" tabindex=\"-1\" >\n\t\t\tLEER M\u00c1S \u00bb\t\t<\/a>\n\n\t\t\t\t\t<\/div>\n\t\t\t\t<\/div>\n\t\t\t\t<\/article>\n\t\t\t\t<\/div>\n\t\t\n\t\t\t\t\t\t<\/div>\n\t\t\t\t<\/div>\n\t\t\t\t<\/div>\n\t\t<div class=\"elementor-element elementor-element-8796fe2 e-con-full e-flex e-con e-parent\" data-id=\"8796fe2\" data-element_type=\"container\" data-e-type=\"container\" data-settings=\"{&quot;background_background&quot;:&quot;classic&quot;}\">\n\t\t\t\t<div class=\"elementor-element elementor-element-5ed1f66 elementor-invisible elementor-widget elementor-widget-heading\" data-id=\"5ed1f66\" data-element_type=\"widget\" data-e-type=\"widget\" data-settings=\"{&quot;_animation&quot;:&quot;fadeInLeft&quot;}\" data-widget_type=\"heading.default\">\n\t\t\t\t<div class=\"elementor-widget-container\">\n\t\t\t\t\t<h3 class=\"elementor-heading-title elementor-size-default\">Otras noticias de inter\u00e9s<\/h3>\t\t\t\t<\/div>\n\t\t\t\t<\/div>\n\t\t\t\t<div class=\"elementor-element elementor-element-cca0a73 animated-slow elementor-grid-3 elementor-grid-tablet-2 elementor-grid-mobile-1 elementor-posts--thumbnail-top elementor-card-shadow-yes elementor-posts__hover-gradient elementor-invisible elementor-widget elementor-widget-posts\" data-id=\"cca0a73\" data-element_type=\"widget\" data-e-type=\"widget\" data-settings=\"{&quot;_animation&quot;:&quot;fadeInUp&quot;,&quot;_animation_delay&quot;:0,&quot;cards_row_gap&quot;:{&quot;unit&quot;:&quot;px&quot;,&quot;size&quot;:15,&quot;sizes&quot;:[]},&quot;pagination_type&quot;:&quot;prev_next&quot;,&quot;cards_columns&quot;:&quot;3&quot;,&quot;cards_columns_tablet&quot;:&quot;2&quot;,&quot;cards_columns_mobile&quot;:&quot;1&quot;,&quot;cards_row_gap_widescreen&quot;:{&quot;unit&quot;:&quot;px&quot;,&quot;size&quot;:&quot;&quot;,&quot;sizes&quot;:[]},&quot;cards_row_gap_laptop&quot;:{&quot;unit&quot;:&quot;px&quot;,&quot;size&quot;:&quot;&quot;,&quot;sizes&quot;:[]},&quot;cards_row_gap_tablet&quot;:{&quot;unit&quot;:&quot;px&quot;,&quot;size&quot;:&quot;&quot;,&quot;sizes&quot;:[]},&quot;cards_row_gap_mobile&quot;:{&quot;unit&quot;:&quot;px&quot;,&quot;size&quot;:&quot;&quot;,&quot;sizes&quot;:[]}}\" data-widget_type=\"posts.cards\">\n\t\t\t\t<div class=\"elementor-widget-container\">\n\t\t\t\t\t\t\t<div class=\"elementor-posts-container elementor-posts elementor-posts--skin-cards elementor-grid\" role=\"list\">\n\t\t\t\t<article class=\"elementor-post elementor-grid-item post-3057 post type-post status-publish format-standard has-post-thumbnail hentry category-novedades tag-re-es tag-solarenergy tag-sunner tag-trackinginnovation\" role=\"listitem\">\n\t\t\t<div class=\"elementor-post__card\">\n\t\t\t\t<a class=\"elementor-post__thumbnail__link\" href=\"https:\/\/www.sunnertracking.com\/es\/dias-emocionantes-por-re-en-las-vegas\/\" tabindex=\"-1\" ><div class=\"elementor-post__thumbnail\"><img decoding=\"async\" width=\"642\" height=\"897\" src=\"https:\/\/www.sunnertracking.com\/wp-content\/uploads\/2025\/11\/feria-RE_USA.png\" class=\"attachment-full size-full wp-image-3029\" alt=\"Imagen de compa\u00f1eros de Sunner y CEO en la feria RE+ en USA\" srcset=\"https:\/\/www.sunnertracking.com\/wp-content\/uploads\/2025\/11\/feria-RE_USA.png 642w, https:\/\/www.sunnertracking.com\/wp-content\/uploads\/2025\/11\/feria-RE_USA-215x300.png 215w\" sizes=\"(max-width: 642px) 100vw, 642px\" \/><\/div><\/a>\n\t\t\t\t<div class=\"elementor-post__badge\">Novedades<\/div>\n\t\t\t\t<div class=\"elementor-post__text\">\n\t\t\t\t<h3 class=\"elementor-post__title\">\n\t\t\t<a href=\"https:\/\/www.sunnertracking.com\/es\/dias-emocionantes-por-re-en-las-vegas\/\" >\n\t\t\t\tD\u00edas emocionantes por RE+ en Las Vegas\t\t\t<\/a>\n\t\t<\/h3>\n\t\t\t\t<div class=\"elementor-post__excerpt\">\n\t\t\t<p> El equipo del IED est\u00e1 plenamente comprometido con mantener conversaciones inspiradoras y encuentros significativos con socios, clientes e innovadores de todo el sector de las energ\u00edas renovables. En la imagen: Mar\u00eda Jes\u00fas Valdemoros Erro, doctora (miembro del Consejo Asesor del Grupo IED), Gorka Gainza (director del \u00c1rea de Conocimiento), I\u00f1igo Ayerra (director general del Grupo IED) y Nicholas Davies\t\t<\/div>\n\t\t\t\t\t<div class=\"elementor-post__read-more-wrapper\">\n\t\t\n\t\t<a class=\"elementor-post__read-more\" href=\"https:\/\/www.sunnertracking.com\/es\/dias-emocionantes-por-re-en-las-vegas\/\" aria-label=\"M\u00e1s informaci\u00f3n sobre D\u00edas emocionantes por RE+ en Las Vegas\" tabindex=\"-1\" >\n\t\t\tLeer m\u00e1s \u00bb\t\t<\/a>\n\n\t\t\t\t\t<\/div>\n\t\t\t\t<\/div>\n\t\t\t\t<div class=\"elementor-post__meta-data\">\n\t\t\t\t\t<span class=\"elementor-post-author\">\n\t\t\tSunner\t\t<\/span>\n\t\t\t\t<span class=\"elementor-post-date\">\n\t\t\t6 de noviembre de 2025\t\t<\/span>\n\t\t\t\t<\/div>\n\t\t\t\t\t<\/div>\n\t\t<\/article>\n\t\t\t\t<article class=\"elementor-post elementor-grid-item post-2288 post type-post status-publish format-standard has-post-thumbnail hentry category-novedades\" role=\"listitem\">\n\t\t\t<div class=\"elementor-post__card\">\n\t\t\t\t<a class=\"elementor-post__thumbnail__link\" href=\"https:\/\/www.sunnertracking.com\/es\/sunner-redefine-el-seguimiento-solar-en-terrenos-complejos-con-fulltracking\/\" tabindex=\"-1\" ><div class=\"elementor-post__thumbnail\"><img decoding=\"async\" width=\"2250\" height=\"794\" src=\"https:\/\/www.sunnertracking.com\/wp-content\/uploads\/2025\/07\/post-fulltracking-scaled-e1753289108516.jpg\" class=\"attachment-full size-full wp-image-1010\" alt=\"funcionamiento FULLTRACKING\" srcset=\"https:\/\/www.sunnertracking.com\/wp-content\/uploads\/2025\/07\/post-fulltracking-scaled-e1753289108516.jpg 2250w, https:\/\/www.sunnertracking.com\/wp-content\/uploads\/2025\/07\/post-fulltracking-scaled-e1753289108516-300x106.jpg 300w, https:\/\/www.sunnertracking.com\/wp-content\/uploads\/2025\/07\/post-fulltracking-scaled-e1753289108516-1024x361.jpg 1024w, https:\/\/www.sunnertracking.com\/wp-content\/uploads\/2025\/07\/post-fulltracking-scaled-e1753289108516-768x271.jpg 768w, https:\/\/www.sunnertracking.com\/wp-content\/uploads\/2025\/07\/post-fulltracking-scaled-e1753289108516-1536x542.jpg 1536w, https:\/\/www.sunnertracking.com\/wp-content\/uploads\/2025\/07\/post-fulltracking-scaled-e1753289108516-2048x723.jpg 2048w\" sizes=\"(max-width: 2250px) 100vw, 2250px\" \/><\/div><\/a>\n\t\t\t\t<div class=\"elementor-post__badge\">Novedades<\/div>\n\t\t\t\t<div class=\"elementor-post__text\">\n\t\t\t\t<h3 class=\"elementor-post__title\">\n\t\t\t<a href=\"https:\/\/www.sunnertracking.com\/es\/sunner-redefine-el-seguimiento-solar-en-terrenos-complejos-con-fulltracking\/\" >\n\t\t\t\tSunner redefine el seguimiento solar en terrenos complejos con FULLTRACKING\t\t\t<\/a>\n\t\t<\/h3>\n\t\t\t\t<div class=\"elementor-post__excerpt\">\n\t\t\t<p>El sistema FULLTRACKING de SUNNER maximiza la producci\u00f3n solar en terrenos irregulares gracias a un seguimiento inteligente fila por fila. Hasta un 8 % m\u00e1s de energ\u00eda gracias a algoritmos avanzados de sombreado y total compatibilidad con los sistemas existentes. <\/p>\t\t<\/div>\n\t\t\t\t\t<div class=\"elementor-post__read-more-wrapper\">\n\t\t\n\t\t<a class=\"elementor-post__read-more\" href=\"https:\/\/www.sunnertracking.com\/es\/sunner-redefine-el-seguimiento-solar-en-terrenos-complejos-con-fulltracking\/\" aria-label=\"M\u00e1s informaci\u00f3n sobre Sunner redefine el seguimiento solar en terrenos complejos con FULLTRACKING\" tabindex=\"-1\" >\n\t\t\tLeer m\u00e1s \u00bb\t\t<\/a>\n\n\t\t\t\t\t<\/div>\n\t\t\t\t<\/div>\n\t\t\t\t<div class=\"elementor-post__meta-data\">\n\t\t\t\t\t<span class=\"elementor-post-author\">\n\t\t\tSunner\t\t<\/span>\n\t\t\t\t<span class=\"elementor-post-date\">\n\t\t\t30 de mayo de 2025\t\t<\/span>\n\t\t\t\t<\/div>\n\t\t\t\t\t<\/div>\n\t\t<\/article>\n\t\t\t\t<article class=\"elementor-post elementor-grid-item post-2290 post type-post status-publish format-standard has-post-thumbnail hentry category-destacada category-novedades tag-realsky tag-solarenergy tag-sunner tag-tecnologia\" role=\"listitem\">\n\t\t\t<div class=\"elementor-post__card\">\n\t\t\t\t<a class=\"elementor-post__thumbnail__link\" href=\"https:\/\/www.sunnertracking.com\/es\/sunner-presenta-realsky\/\" tabindex=\"-1\" ><div class=\"elementor-post__thumbnail\"><img loading=\"lazy\" decoding=\"async\" width=\"2560\" height=\"1305\" src=\"https:\/\/www.sunnertracking.com\/wp-content\/uploads\/2025\/07\/grafica-real-sky-42-scaled.png\" class=\"attachment-full size-full wp-image-838\" alt=\"gr\u00e1fica de tecnolog\u00eda real sky\" srcset=\"https:\/\/www.sunnertracking.com\/wp-content\/uploads\/2025\/07\/grafica-real-sky-42-scaled.png 2560w, https:\/\/www.sunnertracking.com\/wp-content\/uploads\/2025\/07\/grafica-real-sky-42-300x153.png 300w, https:\/\/www.sunnertracking.com\/wp-content\/uploads\/2025\/07\/grafica-real-sky-42-1024x522.png 1024w, https:\/\/www.sunnertracking.com\/wp-content\/uploads\/2025\/07\/grafica-real-sky-42-768x391.png 768w, https:\/\/www.sunnertracking.com\/wp-content\/uploads\/2025\/07\/grafica-real-sky-42-1536x783.png 1536w, https:\/\/www.sunnertracking.com\/wp-content\/uploads\/2025\/07\/grafica-real-sky-42-2048x1044.png 2048w\" sizes=\"(max-width: 2560px) 100vw, 2560px\" \/><\/div><\/a>\n\t\t\t\t<div class=\"elementor-post__badge\">Destacada<\/div>\n\t\t\t\t<div class=\"elementor-post__text\">\n\t\t\t\t<h3 class=\"elementor-post__title\">\n\t\t\t<a href=\"https:\/\/www.sunnertracking.com\/es\/sunner-presenta-realsky\/\" >\n\t\t\t\tSunner Presents REALSKY.\t\t\t<\/a>\n\t\t<\/h3>\n\t\t\t\t<div class=\"elementor-post__excerpt\">\n\t\t\t<p>REALSKY de SUNNER optimiza el seguimiento solar con inteligencia predictiva y computaci\u00f3n perif\u00e9rica, mejorando la captaci\u00f3n de energ\u00eda hasta en un 9,5 % en condiciones nubladas. M\u00e1s rendimiento, m\u00e1s protecci\u00f3n, m\u00e1s inteligencia. <\/p>\t\t<\/div>\n\t\t\t\t\t<div class=\"elementor-post__read-more-wrapper\">\n\t\t\n\t\t<a class=\"elementor-post__read-more\" href=\"https:\/\/www.sunnertracking.com\/es\/sunner-presenta-realsky\/\" aria-label=\"M\u00e1s informaci\u00f3n sobre Sunner Presents REALSKY.\" tabindex=\"-1\" >\n\t\t\tLeer m\u00e1s \u00bb\t\t<\/a>\n\n\t\t\t\t\t<\/div>\n\t\t\t\t<\/div>\n\t\t\t\t<div class=\"elementor-post__meta-data\">\n\t\t\t\t\t<span class=\"elementor-post-author\">\n\t\t\tSunner\t\t<\/span>\n\t\t\t\t<span class=\"elementor-post-date\">\n\t\t\t27 de mayo de 2025\t\t<\/span>\n\t\t\t\t<\/div>\n\t\t\t\t\t<\/div>\n\t\t<\/article>\n\t\t\t\t<\/div>\n\t\t\n\t\t\t\t<div class=\"e-load-more-anchor\" data-page=\"1\" data-max-page=\"2\" data-next-page=\"https:\/\/www.sunnertracking.com\/es\/wp-json\/wp\/v2\/pages\/2948\/page\/2\/\"><\/div>\n\t\t\t\t<nav class=\"elementor-pagination\" aria-label=\"Paginaci\u00f3n\">\n\t\t\t<span class=\"page-numbers prev\">\u00ab anterior<\/span>\n<a class=\"page-numbers next\" href=\"https:\/\/www.sunnertracking.com\/es\/wp-json\/wp\/v2\/pages\/2948\/page\/2\/\">Siguiente \u00bb<\/a>\t\t<\/nav>\n\t\t\t\t\t\t<\/div>\n\t\t\t\t<\/div>\n\t\t\t\t<\/div>\n\t\t\t\t<\/div>\n\t\t","protected":false},"excerpt":{"rendered":"<p>Noticias Noticias destacadas Otras noticias de inter\u00e9s<\/p>\n","protected":false},"author":2,"featured_media":0,"parent":0,"menu_order":0,"comment_status":"closed","ping_status":"closed","template":"","meta":{"footnotes":""},"class_list":["post-2948","page","type-page","status-publish","hentry"],"yoast_head":"<!-- This site is optimized with the Yoast SEO plugin v27.4 - https:\/\/yoast.com\/product\/yoast-seo-wordpress\/ -->\n<title>Noticias | Sunner Tracking Electronics<\/title>\n<meta name=\"description\" content=\"Mantente al d\u00eda con las \u00faltimas innovaciones en energ\u00eda solar y renovables. Lee nuestras noticias y descubre c\u00f3mo lideramos el sector.\" \/>\n<meta name=\"robots\" content=\"index, follow, max-snippet:-1, max-image-preview:large, max-video-preview:-1\" \/>\n<link rel=\"canonical\" href=\"https:\/\/www.sunnertracking.com\/es\/noticias\/\" \/>\n<meta property=\"og:locale\" content=\"es_ES\" \/>\n<meta property=\"og:type\" content=\"article\" \/>\n<meta property=\"og:title\" content=\"Noticias | Sunner Tracking Electronics\" \/>\n<meta property=\"og:description\" content=\"Mantente al d\u00eda con las \u00faltimas innovaciones en energ\u00eda solar y renovables. Lee nuestras noticias y descubre c\u00f3mo lideramos el sector.\" \/>\n<meta property=\"og:url\" content=\"https:\/\/www.sunnertracking.com\/es\/noticias\/\" \/>\n<meta property=\"og:site_name\" content=\"SUNNER\" \/>\n<meta property=\"article:modified_time\" content=\"2025-11-27T15:24:02+00:00\" \/>\n<meta name=\"twitter:card\" content=\"summary_large_image\" \/>\n<meta name=\"twitter:label1\" content=\"Tiempo de lectura\" \/>\n\t<meta name=\"twitter:data1\" content=\"3 minutos\" \/>\n<script type=\"application\/ld+json\" class=\"yoast-schema-graph\">{\"@context\":\"https:\\\/\\\/schema.org\",\"@graph\":[{\"@type\":\"WebPage\",\"@id\":\"https:\\\/\\\/www.sunnertracking.com\\\/es\\\/noticias\\\/\",\"url\":\"https:\\\/\\\/www.sunnertracking.com\\\/es\\\/noticias\\\/\",\"name\":\"Noticias | Sunner Tracking Electronics\",\"isPartOf\":{\"@id\":\"https:\\\/\\\/www.sunnertracking.com\\\/es\\\/#website\"},\"datePublished\":\"2025-11-05T13:43:34+00:00\",\"dateModified\":\"2025-11-27T15:24:02+00:00\",\"description\":\"Mantente al d\u00eda con las \u00faltimas innovaciones en energ\u00eda solar y renovables. Lee nuestras noticias y descubre c\u00f3mo lideramos el sector.\",\"breadcrumb\":{\"@id\":\"https:\\\/\\\/www.sunnertracking.com\\\/es\\\/noticias\\\/#breadcrumb\"},\"inLanguage\":\"es\",\"potentialAction\":[{\"@type\":\"ReadAction\",\"target\":[\"https:\\\/\\\/www.sunnertracking.com\\\/es\\\/noticias\\\/\"]}]},{\"@type\":\"BreadcrumbList\",\"@id\":\"https:\\\/\\\/www.sunnertracking.com\\\/es\\\/noticias\\\/#breadcrumb\",\"itemListElement\":[{\"@type\":\"ListItem\",\"position\":1,\"name\":\"Portada\",\"item\":\"https:\\\/\\\/www.sunnertracking.com\\\/es\\\/\"},{\"@type\":\"ListItem\",\"position\":2,\"name\":\"Noticias\"}]},{\"@type\":\"WebSite\",\"@id\":\"https:\\\/\\\/www.sunnertracking.com\\\/es\\\/#website\",\"url\":\"https:\\\/\\\/www.sunnertracking.com\\\/es\\\/\",\"name\":\"Sunner tracking electronics\",\"description\":\"Tracking electronics\",\"publisher\":{\"@id\":\"https:\\\/\\\/www.sunnertracking.com\\\/es\\\/#organization\"},\"potentialAction\":[{\"@type\":\"SearchAction\",\"target\":{\"@type\":\"EntryPoint\",\"urlTemplate\":\"https:\\\/\\\/www.sunnertracking.com\\\/es\\\/?s={search_term_string}\"},\"query-input\":{\"@type\":\"PropertyValueSpecification\",\"valueRequired\":true,\"valueName\":\"search_term_string\"}}],\"inLanguage\":\"es\"},{\"@type\":\"Organization\",\"@id\":\"https:\\\/\\\/www.sunnertracking.com\\\/es\\\/#organization\",\"name\":\"Sunner\",\"url\":\"https:\\\/\\\/www.sunnertracking.com\\\/es\\\/\",\"logo\":{\"@type\":\"ImageObject\",\"inLanguage\":\"es\",\"@id\":\"https:\\\/\\\/www.sunnertracking.com\\\/es\\\/#\\\/schema\\\/logo\\\/image\\\/\",\"url\":\"https:\\\/\\\/www.sunnertracking.com\\\/wp-content\\\/uploads\\\/2025\\\/11\\\/Logo-SUNNER.png\",\"contentUrl\":\"https:\\\/\\\/www.sunnertracking.com\\\/wp-content\\\/uploads\\\/2025\\\/11\\\/Logo-SUNNER.png\",\"width\":363,\"height\":89,\"caption\":\"Sunner\"},\"image\":{\"@id\":\"https:\\\/\\\/www.sunnertracking.com\\\/es\\\/#\\\/schema\\\/logo\\\/image\\\/\"},\"sameAs\":[\"https:\\\/\\\/www.linkedin.com\\\/company\\\/sunner-tracking-electronics\\\/\"]}]}<\/script>\n<!-- \/ Yoast SEO plugin. -->","yoast_head_json":{"title":"Noticias | Sunner Tracking Electronics","description":"Mantente al d\u00eda con las \u00faltimas innovaciones en energ\u00eda solar y renovables. Lee nuestras noticias y descubre c\u00f3mo lideramos el sector.","robots":{"index":"index","follow":"follow","max-snippet":"max-snippet:-1","max-image-preview":"max-image-preview:large","max-video-preview":"max-video-preview:-1"},"canonical":"https:\/\/www.sunnertracking.com\/es\/noticias\/","og_locale":"es_ES","og_type":"article","og_title":"Noticias | Sunner Tracking Electronics","og_description":"Mantente al d\u00eda con las \u00faltimas innovaciones en energ\u00eda solar y renovables. Lee nuestras noticias y descubre c\u00f3mo lideramos el sector.","og_url":"https:\/\/www.sunnertracking.com\/es\/noticias\/","og_site_name":"SUNNER","article_modified_time":"2025-11-27T15:24:02+00:00","twitter_card":"summary_large_image","twitter_misc":{"Tiempo de lectura":"3 minutos"},"schema":{"@context":"https:\/\/schema.org","@graph":[{"@type":"WebPage","@id":"https:\/\/www.sunnertracking.com\/es\/noticias\/","url":"https:\/\/www.sunnertracking.com\/es\/noticias\/","name":"Noticias | Sunner Tracking Electronics","isPartOf":{"@id":"https:\/\/www.sunnertracking.com\/es\/#website"},"datePublished":"2025-11-05T13:43:34+00:00","dateModified":"2025-11-27T15:24:02+00:00","description":"Mantente al d\u00eda con las \u00faltimas innovaciones en energ\u00eda solar y renovables. Lee nuestras noticias y descubre c\u00f3mo lideramos el sector.","breadcrumb":{"@id":"https:\/\/www.sunnertracking.com\/es\/noticias\/#breadcrumb"},"inLanguage":"es","potentialAction":[{"@type":"ReadAction","target":["https:\/\/www.sunnertracking.com\/es\/noticias\/"]}]},{"@type":"BreadcrumbList","@id":"https:\/\/www.sunnertracking.com\/es\/noticias\/#breadcrumb","itemListElement":[{"@type":"ListItem","position":1,"name":"Portada","item":"https:\/\/www.sunnertracking.com\/es\/"},{"@type":"ListItem","position":2,"name":"Noticias"}]},{"@type":"WebSite","@id":"https:\/\/www.sunnertracking.com\/es\/#website","url":"https:\/\/www.sunnertracking.com\/es\/","name":"Sunner tracking electronics","description":"Tracking electronics","publisher":{"@id":"https:\/\/www.sunnertracking.com\/es\/#organization"},"potentialAction":[{"@type":"SearchAction","target":{"@type":"EntryPoint","urlTemplate":"https:\/\/www.sunnertracking.com\/es\/?s={search_term_string}"},"query-input":{"@type":"PropertyValueSpecification","valueRequired":true,"valueName":"search_term_string"}}],"inLanguage":"es"},{"@type":"Organization","@id":"https:\/\/www.sunnertracking.com\/es\/#organization","name":"Sunner","url":"https:\/\/www.sunnertracking.com\/es\/","logo":{"@type":"ImageObject","inLanguage":"es","@id":"https:\/\/www.sunnertracking.com\/es\/#\/schema\/logo\/image\/","url":"https:\/\/www.sunnertracking.com\/wp-content\/uploads\/2025\/11\/Logo-SUNNER.png","contentUrl":"https:\/\/www.sunnertracking.com\/wp-content\/uploads\/2025\/11\/Logo-SUNNER.png","width":363,"height":89,"caption":"Sunner"},"image":{"@id":"https:\/\/www.sunnertracking.com\/es\/#\/schema\/logo\/image\/"},"sameAs":["https:\/\/www.linkedin.com\/company\/sunner-tracking-electronics\/"]}]}},"_links":{"self":[{"href":"https:\/\/www.sunnertracking.com\/es\/wp-json\/wp\/v2\/pages\/2948","targetHints":{"allow":["GET"]}}],"collection":[{"href":"https:\/\/www.sunnertracking.com\/es\/wp-json\/wp\/v2\/pages"}],"about":[{"href":"https:\/\/www.sunnertracking.com\/es\/wp-json\/wp\/v2\/types\/page"}],"author":[{"embeddable":true,"href":"https:\/\/www.sunnertracking.com\/es\/wp-json\/wp\/v2\/users\/2"}],"replies":[{"embeddable":true,"href":"https:\/\/www.sunnertracking.com\/es\/wp-json\/wp\/v2\/comments?post=2948"}],"version-history":[{"count":24,"href":"https:\/\/www.sunnertracking.com\/es\/wp-json\/wp\/v2\/pages\/2948\/revisions"}],"predecessor-version":[{"id":4113,"href":"https:\/\/www.sunnertracking.com\/es\/wp-json\/wp\/v2\/pages\/2948\/revisions\/4113"}],"wp:attachment":[{"href":"https:\/\/www.sunnertracking.com\/es\/wp-json\/wp\/v2\/media?parent=2948"}],"curies":[{"name":"wp","href":"https:\/\/api.w.org\/{rel}","templated":true}]}}