{"id":3023,"date":"2025-09-22T17:37:32","date_gmt":"2025-09-22T15:37:32","guid":{"rendered":"https:\/\/www.sunnertracking.com\/servicios\/revamping\/"},"modified":"2025-11-27T13:34:24","modified_gmt":"2025-11-27T12:34:24","slug":"revamping","status":"publish","type":"page","link":"https:\/\/www.sunnertracking.com\/es\/servicios\/revamping\/","title":{"rendered":"Revamping"},"content":{"rendered":"\t\t<div data-elementor-type=\"wp-page\" data-elementor-id=\"3023\" class=\"elementor elementor-3023 elementor-2500\" data-elementor-post-type=\"page\">\n\t\t\t\t<div class=\"elementor-element elementor-element-cecead4 e-con-full e-flex e-con e-parent\" data-id=\"cecead4\" data-element_type=\"container\" data-e-type=\"container\" data-settings=\"{&quot;background_background&quot;:&quot;classic&quot;,&quot;shape_divider_bottom&quot;:&quot;opacity-tilt&quot;}\">\n\t\t\t\t<div class=\"elementor-shape elementor-shape-bottom\" aria-hidden=\"true\" data-negative=\"false\">\n\t\t\t<svg xmlns=\"http:\/\/www.w3.org\/2000\/svg\" viewBox=\"0 0 2600 131.1\" preserveAspectRatio=\"none\">\n\t<path class=\"elementor-shape-fill\" d=\"M0 0L2600 0 2600 69.1 0 0z\"\/>\n\t<path class=\"elementor-shape-fill\" style=\"opacity:0.5\" d=\"M0 0L2600 0 2600 69.1 0 69.1z\"\/>\n\t<path class=\"elementor-shape-fill\" style=\"opacity:0.25\" d=\"M2600 0L0 0 0 130.1 2600 69.1z\"\/>\n<\/svg>\t\t<\/div>\n\t\t\t\t<\/div>\n\t\t<div class=\"elementor-element elementor-element-7a344b2 e-con-full e-flex e-con e-parent\" data-id=\"7a344b2\" data-element_type=\"container\" data-e-type=\"container\">\n\t\t\t\t<div class=\"elementor-element elementor-element-729ec8a elementor-align-left elementor-widget elementor-widget-button\" data-id=\"729ec8a\" data-element_type=\"widget\" data-e-type=\"widget\" data-widget_type=\"button.default\">\n\t\t\t\t<div class=\"elementor-widget-container\">\n\t\t\t\t\t\t\t\t\t<div class=\"elementor-button-wrapper\">\n\t\t\t\t\t<a class=\"elementor-button elementor-button-link elementor-size-sm\" href=\"https:\/\/www.sunnertracking.com\/es\/servicios\/\">\n\t\t\t\t\t\t<span class=\"elementor-button-content-wrapper\">\n\t\t\t\t\t\t\t\t\t<span class=\"elementor-button-text\">&lt;&lt; EXPLORAR OTROS SERVICIOS<\/span>\n\t\t\t\t\t<\/span>\n\t\t\t\t\t<\/a>\n\t\t\t\t<\/div>\n\t\t\t\t\t\t\t\t<\/div>\n\t\t\t\t<\/div>\n\t\t\t\t<\/div>\n\t\t<div class=\"elementor-element elementor-element-d203f82 e-con-full e-flex e-con e-parent\" data-id=\"d203f82\" data-element_type=\"container\" data-e-type=\"container\">\n\t\t<div class=\"elementor-element elementor-element-9d1bd47 e-con-full e-flex e-con e-child\" data-id=\"9d1bd47\" data-element_type=\"container\" data-e-type=\"container\">\n\t\t\t\t<div class=\"elementor-element elementor-element-190f3ea elementor-widget__width-initial elementor-invisible elementor-widget elementor-widget-heading\" data-id=\"190f3ea\" data-element_type=\"widget\" data-e-type=\"widget\" data-settings=\"{&quot;_animation&quot;:&quot;fadeInLeft&quot;}\" data-widget_type=\"heading.default\">\n\t\t\t\t<div class=\"elementor-widget-container\">\n\t\t\t\t\t<h1 class=\"elementor-heading-title elementor-size-default\">Revamping<\/h1>\t\t\t\t<\/div>\n\t\t\t\t<\/div>\n\t\t\t\t<div class=\"elementor-element elementor-element-6d015b6 elementor-widget__width-initial elementor-invisible elementor-widget elementor-widget-heading\" data-id=\"6d015b6\" data-element_type=\"widget\" data-e-type=\"widget\" data-settings=\"{&quot;_animation&quot;:&quot;fadeInLeft&quot;,&quot;_animation_delay&quot;:100}\" data-widget_type=\"heading.default\">\n\t\t\t\t<div class=\"elementor-widget-container\">\n\t\t\t\t\t<h2 class=\"elementor-heading-title elementor-size-default\">El envejecimiento de los sistemas de seguimiento reduce la eficiencia y la disponibilidad (renovaci\u00f3n), pero la tecnolog\u00eda actual permite <strong>aumentar el rendimiento de su planta fotovoltaica (repotenciaci\u00f3n)<\/strong>. Con la renovaci\u00f3n y repotenciaci\u00f3n de <strong>SUNNER<\/strong>, renovamos los controladores (HSU, NCU, TCU) e integramos <strong>tecnolog\u00edas exclusivas (Real Sky, True Wind y Full Tracking)<\/strong> para devolver a la planta todo su potencial de producci\u00f3n.<\/h2>\t\t\t\t<\/div>\n\t\t\t\t<\/div>\n\t\t\t\t<div class=\"elementor-element elementor-element-71a6bc3 elementor-widget__width-initial elementor-invisible elementor-widget elementor-widget-text-editor\" data-id=\"71a6bc3\" data-element_type=\"widget\" data-e-type=\"widget\" data-settings=\"{&quot;_animation&quot;:&quot;fadeInLeft&quot;,&quot;_animation_delay&quot;:100}\" data-widget_type=\"text-editor.default\">\n\t\t\t\t<div class=\"elementor-widget-container\">\n\t\t\t\t\t\t\t\t\t<p>Nuestros servicios abarcan desde estudios preliminares y diagn\u00f3sticos de mejora hasta la fabricaci\u00f3n e instalaci\u00f3n de equipos y la elaboraci\u00f3n de informes sobre resultados y mejoras.<\/p>\t\t\t\t\t\t\t\t<\/div>\n\t\t\t\t<\/div>\n\t\t\t\t<\/div>\n\t\t\t\t<div class=\"elementor-element elementor-element-be4784e elementor-widget__width-initial elementor-absolute elementor-invisible elementor-widget elementor-widget-image\" data-id=\"be4784e\" data-element_type=\"widget\" data-e-type=\"widget\" data-settings=\"{&quot;_position&quot;:&quot;absolute&quot;,&quot;_animation&quot;:&quot;fadeInRight&quot;}\" data-widget_type=\"image.default\">\n\t\t\t\t<div class=\"elementor-widget-container\">\n\t\t\t\t\t\t\t\t\t\t\t\t\t\t\t<img fetchpriority=\"high\" decoding=\"async\" width=\"1537\" height=\"1105\" src=\"https:\/\/www.sunnertracking.com\/wp-content\/uploads\/2025\/09\/foto-revamping-planta-solarTCU.png\" class=\"attachment-full size-full wp-image-2506\" alt=\"foto producto TCU (Tracking Control Unit) SUNNER sobre fondo de panel solar\" srcset=\"https:\/\/www.sunnertracking.com\/wp-content\/uploads\/2025\/09\/foto-revamping-planta-solarTCU.png 1537w, https:\/\/www.sunnertracking.com\/wp-content\/uploads\/2025\/09\/foto-revamping-planta-solarTCU-300x216.png 300w, https:\/\/www.sunnertracking.com\/wp-content\/uploads\/2025\/09\/foto-revamping-planta-solarTCU-1024x736.png 1024w, https:\/\/www.sunnertracking.com\/wp-content\/uploads\/2025\/09\/foto-revamping-planta-solarTCU-768x552.png 768w\" sizes=\"(max-width: 1537px) 100vw, 1537px\" \/>\t\t\t\t\t\t\t\t\t\t\t\t\t\t\t<\/div>\n\t\t\t\t<\/div>\n\t\t\t\t<\/div>\n\t\t<div class=\"elementor-element elementor-element-6daf123 e-con-full e-flex e-con e-parent\" data-id=\"6daf123\" data-element_type=\"container\" data-e-type=\"container\" data-settings=\"{&quot;background_background&quot;:&quot;classic&quot;}\">\n\t\t\t\t<div class=\"elementor-element elementor-element-0f358c1 elementor-widget elementor-widget-heading\" data-id=\"0f358c1\" data-element_type=\"widget\" data-e-type=\"widget\" data-widget_type=\"heading.default\">\n\t\t\t\t<div class=\"elementor-widget-container\">\n\t\t\t\t\t<h2 class=\"elementor-heading-title elementor-size-default\">Haz que tu planta supere tus expectativas.<\/h2>\t\t\t\t<\/div>\n\t\t\t\t<\/div>\n\t\t\t\t<div class=\"elementor-element elementor-element-e4aa006 elementor-widget-divider--view-line elementor-widget elementor-widget-divider\" data-id=\"e4aa006\" data-element_type=\"widget\" data-e-type=\"widget\" data-widget_type=\"divider.default\">\n\t\t\t\t<div class=\"elementor-widget-container\">\n\t\t\t\t\t\t\t<div class=\"elementor-divider\">\n\t\t\t<span class=\"elementor-divider-separator\">\n\t\t\t\t\t\t<\/span>\n\t\t<\/div>\n\t\t\t\t\t\t<\/div>\n\t\t\t\t<\/div>\n\t\t\t\t<div class=\"elementor-element elementor-element-a929668 elementor-widget elementor-widget-text-editor\" data-id=\"a929668\" data-element_type=\"widget\" data-e-type=\"widget\" data-widget_type=\"text-editor.default\">\n\t\t\t\t<div class=\"elementor-widget-container\">\n\t\t\t\t\t\t\t\t\t<p>Servicios Sunner: innovaci\u00f3n y asistencia para la repotenciaci\u00f3n solar.<\/p>\t\t\t\t\t\t\t\t<\/div>\n\t\t\t\t<\/div>\n\t\t\t\t<div class=\"elementor-element elementor-element-873f87f elementor-widget elementor-widget-button\" data-id=\"873f87f\" data-element_type=\"widget\" data-e-type=\"widget\" data-widget_type=\"button.default\">\n\t\t\t\t<div class=\"elementor-widget-container\">\n\t\t\t\t\t\t\t\t\t<div class=\"elementor-button-wrapper\">\n\t\t\t\t\t<a class=\"elementor-button elementor-button-link elementor-size-sm\" href=\"\">\n\t\t\t\t\t\t<span class=\"elementor-button-content-wrapper\">\n\t\t\t\t\t\t<span class=\"elementor-button-icon\">\n\t\t\t\t<svg aria-hidden=\"true\" class=\"e-font-icon-svg e-fas-arrow-right\" viewBox=\"0 0 448 512\" xmlns=\"http:\/\/www.w3.org\/2000\/svg\"><path d=\"M190.5 66.9l22.2-22.2c9.4-9.4 24.6-9.4 33.9 0L441 239c9.4 9.4 9.4 24.6 0 33.9L246.6 467.3c-9.4 9.4-24.6 9.4-33.9 0l-22.2-22.2c-9.5-9.5-9.3-25 .4-34.3L311.4 296H24c-13.3 0-24-10.7-24-24v-32c0-13.3 10.7-24 24-24h287.4L190.9 101.2c-9.8-9.3-10-24.8-.4-34.3z\"><\/path><\/svg>\t\t\t<\/span>\n\t\t\t\t\t\t\t\t\t<span class=\"elementor-button-text\">SOLICITE SU DIAGN\u00d3STICO GRATUITO<\/span>\n\t\t\t\t\t<\/span>\n\t\t\t\t\t<\/a>\n\t\t\t\t<\/div>\n\t\t\t\t\t\t\t\t<\/div>\n\t\t\t\t<\/div>\n\t\t\t\t<\/div>\n\t\t\t\t<\/div>\n\t\t","protected":false},"excerpt":{"rendered":"<p>&lt;&lt; EXPLORAR OTROS SERVICIOS Revamping El envejecimiento de los sistemas de seguimiento reduce la eficiencia y la disponibilidad (renovaci\u00f3n), pero la tecnolog\u00eda actual permite aumentar el rendimiento de su planta fotovoltaica (repotenciaci\u00f3n). Con la renovaci\u00f3n y repotenciaci\u00f3n de SUNNER, renovamos los controladores (HSU, NCU, TCU) e integramos tecnolog\u00edas exclusivas (Real Sky, True Wind y Full [&hellip;]<\/p>\n","protected":false},"author":2,"featured_media":0,"parent":2659,"menu_order":0,"comment_status":"closed","ping_status":"closed","template":"","meta":{"footnotes":""},"class_list":["post-3023","page","type-page","status-publish","hentry"],"yoast_head":"<!-- This site is optimized with the Yoast SEO plugin v27.3 - https:\/\/yoast.com\/product\/yoast-seo-wordpress\/ -->\n<title>Renovaci\u00f3n controladores solares | Sunner Tracking Electronics<\/title>\n<meta name=\"description\" content=\"Revitaliza tu planta solar con soluciones de ingenier\u00eda avanzada. Mejora eficiencia y prolonga su vida \u00fatil. Desc\u00fabrelo ya.\" \/>\n<meta name=\"robots\" content=\"index, follow, max-snippet:-1, max-image-preview:large, max-video-preview:-1\" \/>\n<link rel=\"canonical\" href=\"https:\/\/www.sunnertracking.com\/es\/servicios\/revamping\/\" \/>\n<meta property=\"og:locale\" content=\"es_ES\" \/>\n<meta property=\"og:type\" content=\"article\" \/>\n<meta property=\"og:title\" content=\"Renovaci\u00f3n controladores solares | Sunner Tracking Electronics\" \/>\n<meta property=\"og:description\" content=\"Revitaliza tu planta solar con soluciones de ingenier\u00eda avanzada. Mejora eficiencia y prolonga su vida \u00fatil. Desc\u00fabrelo ya.\" \/>\n<meta property=\"og:url\" content=\"https:\/\/www.sunnertracking.com\/es\/servicios\/revamping\/\" \/>\n<meta property=\"og:site_name\" content=\"SUNNER\" \/>\n<meta property=\"article:modified_time\" content=\"2025-11-27T12:34:24+00:00\" \/>\n<meta property=\"og:image\" content=\"https:\/\/www.sunnertracking.com\/wp-content\/uploads\/2025\/09\/foto-revamping-planta-solarTCU.png\" \/>\n\t<meta property=\"og:image:width\" content=\"1537\" \/>\n\t<meta property=\"og:image:height\" content=\"1105\" \/>\n\t<meta property=\"og:image:type\" content=\"image\/png\" \/>\n<meta name=\"twitter:card\" content=\"summary_large_image\" \/>\n<meta name=\"twitter:label1\" content=\"Tiempo de lectura\" \/>\n\t<meta name=\"twitter:data1\" content=\"1 minuto\" \/>\n<script type=\"application\/ld+json\" class=\"yoast-schema-graph\">{\"@context\":\"https:\\\/\\\/schema.org\",\"@graph\":[{\"@type\":\"WebPage\",\"@id\":\"https:\\\/\\\/www.sunnertracking.com\\\/es\\\/servicios\\\/revamping\\\/\",\"url\":\"https:\\\/\\\/www.sunnertracking.com\\\/es\\\/servicios\\\/revamping\\\/\",\"name\":\"Renovaci\u00f3n controladores solares | Sunner Tracking Electronics\",\"isPartOf\":{\"@id\":\"https:\\\/\\\/www.sunnertracking.com\\\/es\\\/#website\"},\"primaryImageOfPage\":{\"@id\":\"https:\\\/\\\/www.sunnertracking.com\\\/es\\\/servicios\\\/revamping\\\/#primaryimage\"},\"image\":{\"@id\":\"https:\\\/\\\/www.sunnertracking.com\\\/es\\\/servicios\\\/revamping\\\/#primaryimage\"},\"thumbnailUrl\":\"https:\\\/\\\/www.sunnertracking.com\\\/wp-content\\\/uploads\\\/2025\\\/09\\\/foto-revamping-planta-solarTCU.png\",\"datePublished\":\"2025-09-22T15:37:32+00:00\",\"dateModified\":\"2025-11-27T12:34:24+00:00\",\"description\":\"Revitaliza tu planta solar con soluciones de ingenier\u00eda avanzada. Mejora eficiencia y prolonga su vida \u00fatil. Desc\u00fabrelo ya.\",\"breadcrumb\":{\"@id\":\"https:\\\/\\\/www.sunnertracking.com\\\/es\\\/servicios\\\/revamping\\\/#breadcrumb\"},\"inLanguage\":\"es\",\"potentialAction\":[{\"@type\":\"ReadAction\",\"target\":[\"https:\\\/\\\/www.sunnertracking.com\\\/es\\\/servicios\\\/revamping\\\/\"]}]},{\"@type\":\"ImageObject\",\"inLanguage\":\"es\",\"@id\":\"https:\\\/\\\/www.sunnertracking.com\\\/es\\\/servicios\\\/revamping\\\/#primaryimage\",\"url\":\"https:\\\/\\\/www.sunnertracking.com\\\/wp-content\\\/uploads\\\/2025\\\/09\\\/foto-revamping-planta-solarTCU.png\",\"contentUrl\":\"https:\\\/\\\/www.sunnertracking.com\\\/wp-content\\\/uploads\\\/2025\\\/09\\\/foto-revamping-planta-solarTCU.png\"},{\"@type\":\"BreadcrumbList\",\"@id\":\"https:\\\/\\\/www.sunnertracking.com\\\/es\\\/servicios\\\/revamping\\\/#breadcrumb\",\"itemListElement\":[{\"@type\":\"ListItem\",\"position\":1,\"name\":\"Portada\",\"item\":\"https:\\\/\\\/www.sunnertracking.com\\\/es\\\/\"},{\"@type\":\"ListItem\",\"position\":2,\"name\":\"Servicios\",\"item\":\"https:\\\/\\\/www.sunnertracking.com\\\/es\\\/servicios\\\/\"},{\"@type\":\"ListItem\",\"position\":3,\"name\":\"Revamping\"}]},{\"@type\":\"WebSite\",\"@id\":\"https:\\\/\\\/www.sunnertracking.com\\\/es\\\/#website\",\"url\":\"https:\\\/\\\/www.sunnertracking.com\\\/es\\\/\",\"name\":\"Sunner tracking electronics\",\"description\":\"Tracking electronics\",\"publisher\":{\"@id\":\"https:\\\/\\\/www.sunnertracking.com\\\/es\\\/#organization\"},\"potentialAction\":[{\"@type\":\"SearchAction\",\"target\":{\"@type\":\"EntryPoint\",\"urlTemplate\":\"https:\\\/\\\/www.sunnertracking.com\\\/es\\\/?s={search_term_string}\"},\"query-input\":{\"@type\":\"PropertyValueSpecification\",\"valueRequired\":true,\"valueName\":\"search_term_string\"}}],\"inLanguage\":\"es\"},{\"@type\":\"Organization\",\"@id\":\"https:\\\/\\\/www.sunnertracking.com\\\/es\\\/#organization\",\"name\":\"Sunner\",\"url\":\"https:\\\/\\\/www.sunnertracking.com\\\/es\\\/\",\"logo\":{\"@type\":\"ImageObject\",\"inLanguage\":\"es\",\"@id\":\"https:\\\/\\\/www.sunnertracking.com\\\/es\\\/#\\\/schema\\\/logo\\\/image\\\/\",\"url\":\"https:\\\/\\\/www.sunnertracking.com\\\/wp-content\\\/uploads\\\/2025\\\/11\\\/Logo-SUNNER.png\",\"contentUrl\":\"https:\\\/\\\/www.sunnertracking.com\\\/wp-content\\\/uploads\\\/2025\\\/11\\\/Logo-SUNNER.png\",\"width\":363,\"height\":89,\"caption\":\"Sunner\"},\"image\":{\"@id\":\"https:\\\/\\\/www.sunnertracking.com\\\/es\\\/#\\\/schema\\\/logo\\\/image\\\/\"},\"sameAs\":[\"https:\\\/\\\/www.linkedin.com\\\/company\\\/sunner-tracking-electronics\\\/\"]}]}<\/script>\n<!-- \/ Yoast SEO plugin. -->","yoast_head_json":{"title":"Renovaci\u00f3n controladores solares | Sunner Tracking Electronics","description":"Revitaliza tu planta solar con soluciones de ingenier\u00eda avanzada. Mejora eficiencia y prolonga su vida \u00fatil. Desc\u00fabrelo ya.","robots":{"index":"index","follow":"follow","max-snippet":"max-snippet:-1","max-image-preview":"max-image-preview:large","max-video-preview":"max-video-preview:-1"},"canonical":"https:\/\/www.sunnertracking.com\/es\/servicios\/revamping\/","og_locale":"es_ES","og_type":"article","og_title":"Renovaci\u00f3n controladores solares | Sunner Tracking Electronics","og_description":"Revitaliza tu planta solar con soluciones de ingenier\u00eda avanzada. Mejora eficiencia y prolonga su vida \u00fatil. Desc\u00fabrelo ya.","og_url":"https:\/\/www.sunnertracking.com\/es\/servicios\/revamping\/","og_site_name":"SUNNER","article_modified_time":"2025-11-27T12:34:24+00:00","og_image":[{"width":1537,"height":1105,"url":"https:\/\/www.sunnertracking.com\/wp-content\/uploads\/2025\/09\/foto-revamping-planta-solarTCU.png","type":"image\/png"}],"twitter_card":"summary_large_image","twitter_misc":{"Tiempo de lectura":"1 minuto"},"schema":{"@context":"https:\/\/schema.org","@graph":[{"@type":"WebPage","@id":"https:\/\/www.sunnertracking.com\/es\/servicios\/revamping\/","url":"https:\/\/www.sunnertracking.com\/es\/servicios\/revamping\/","name":"Renovaci\u00f3n controladores solares | Sunner Tracking Electronics","isPartOf":{"@id":"https:\/\/www.sunnertracking.com\/es\/#website"},"primaryImageOfPage":{"@id":"https:\/\/www.sunnertracking.com\/es\/servicios\/revamping\/#primaryimage"},"image":{"@id":"https:\/\/www.sunnertracking.com\/es\/servicios\/revamping\/#primaryimage"},"thumbnailUrl":"https:\/\/www.sunnertracking.com\/wp-content\/uploads\/2025\/09\/foto-revamping-planta-solarTCU.png","datePublished":"2025-09-22T15:37:32+00:00","dateModified":"2025-11-27T12:34:24+00:00","description":"Revitaliza tu planta solar con soluciones de ingenier\u00eda avanzada. Mejora eficiencia y prolonga su vida \u00fatil. Desc\u00fabrelo ya.","breadcrumb":{"@id":"https:\/\/www.sunnertracking.com\/es\/servicios\/revamping\/#breadcrumb"},"inLanguage":"es","potentialAction":[{"@type":"ReadAction","target":["https:\/\/www.sunnertracking.com\/es\/servicios\/revamping\/"]}]},{"@type":"ImageObject","inLanguage":"es","@id":"https:\/\/www.sunnertracking.com\/es\/servicios\/revamping\/#primaryimage","url":"https:\/\/www.sunnertracking.com\/wp-content\/uploads\/2025\/09\/foto-revamping-planta-solarTCU.png","contentUrl":"https:\/\/www.sunnertracking.com\/wp-content\/uploads\/2025\/09\/foto-revamping-planta-solarTCU.png"},{"@type":"BreadcrumbList","@id":"https:\/\/www.sunnertracking.com\/es\/servicios\/revamping\/#breadcrumb","itemListElement":[{"@type":"ListItem","position":1,"name":"Portada","item":"https:\/\/www.sunnertracking.com\/es\/"},{"@type":"ListItem","position":2,"name":"Servicios","item":"https:\/\/www.sunnertracking.com\/es\/servicios\/"},{"@type":"ListItem","position":3,"name":"Revamping"}]},{"@type":"WebSite","@id":"https:\/\/www.sunnertracking.com\/es\/#website","url":"https:\/\/www.sunnertracking.com\/es\/","name":"Sunner tracking electronics","description":"Tracking electronics","publisher":{"@id":"https:\/\/www.sunnertracking.com\/es\/#organization"},"potentialAction":[{"@type":"SearchAction","target":{"@type":"EntryPoint","urlTemplate":"https:\/\/www.sunnertracking.com\/es\/?s={search_term_string}"},"query-input":{"@type":"PropertyValueSpecification","valueRequired":true,"valueName":"search_term_string"}}],"inLanguage":"es"},{"@type":"Organization","@id":"https:\/\/www.sunnertracking.com\/es\/#organization","name":"Sunner","url":"https:\/\/www.sunnertracking.com\/es\/","logo":{"@type":"ImageObject","inLanguage":"es","@id":"https:\/\/www.sunnertracking.com\/es\/#\/schema\/logo\/image\/","url":"https:\/\/www.sunnertracking.com\/wp-content\/uploads\/2025\/11\/Logo-SUNNER.png","contentUrl":"https:\/\/www.sunnertracking.com\/wp-content\/uploads\/2025\/11\/Logo-SUNNER.png","width":363,"height":89,"caption":"Sunner"},"image":{"@id":"https:\/\/www.sunnertracking.com\/es\/#\/schema\/logo\/image\/"},"sameAs":["https:\/\/www.linkedin.com\/company\/sunner-tracking-electronics\/"]}]}},"_links":{"self":[{"href":"https:\/\/www.sunnertracking.com\/es\/wp-json\/wp\/v2\/pages\/3023","targetHints":{"allow":["GET"]}}],"collection":[{"href":"https:\/\/www.sunnertracking.com\/es\/wp-json\/wp\/v2\/pages"}],"about":[{"href":"https:\/\/www.sunnertracking.com\/es\/wp-json\/wp\/v2\/types\/page"}],"author":[{"embeddable":true,"href":"https:\/\/www.sunnertracking.com\/es\/wp-json\/wp\/v2\/users\/2"}],"replies":[{"embeddable":true,"href":"https:\/\/www.sunnertracking.com\/es\/wp-json\/wp\/v2\/comments?post=3023"}],"version-history":[{"count":27,"href":"https:\/\/www.sunnertracking.com\/es\/wp-json\/wp\/v2\/pages\/3023\/revisions"}],"predecessor-version":[{"id":3956,"href":"https:\/\/www.sunnertracking.com\/es\/wp-json\/wp\/v2\/pages\/3023\/revisions\/3956"}],"up":[{"embeddable":true,"href":"https:\/\/www.sunnertracking.com\/es\/wp-json\/wp\/v2\/pages\/2659"}],"wp:attachment":[{"href":"https:\/\/www.sunnertracking.com\/es\/wp-json\/wp\/v2\/media?parent=3023"}],"curies":[{"name":"wp","href":"https:\/\/api.w.org\/{rel}","templated":true}]}}