{"id":3125,"date":"2025-09-23T14:03:28","date_gmt":"2025-09-23T12:03:28","guid":{"rendered":"https:\/\/www.sunnertracking.com\/servicios\/auditoria-de-rendimiento\/"},"modified":"2025-11-27T12:29:01","modified_gmt":"2025-11-27T11:29:01","slug":"auditoria-de-rendimiento","status":"publish","type":"page","link":"https:\/\/www.sunnertracking.com\/es\/servicios\/auditoria-de-rendimiento\/","title":{"rendered":"Auditor\u00eda de rendimiento"},"content":{"rendered":"\t\t<div data-elementor-type=\"wp-page\" data-elementor-id=\"3125\" class=\"elementor elementor-3125 elementor-2519\" data-elementor-post-type=\"page\">\n\t\t\t\t<div class=\"elementor-element elementor-element-6bbc87a e-con-full e-flex e-con e-parent\" data-id=\"6bbc87a\" data-element_type=\"container\" data-e-type=\"container\" data-settings=\"{&quot;background_background&quot;:&quot;classic&quot;,&quot;shape_divider_bottom&quot;:&quot;opacity-tilt&quot;}\">\n\t\t\t\t<div class=\"elementor-shape elementor-shape-bottom\" aria-hidden=\"true\" data-negative=\"false\">\n\t\t\t<svg xmlns=\"http:\/\/www.w3.org\/2000\/svg\" viewBox=\"0 0 2600 131.1\" preserveAspectRatio=\"none\">\n\t<path class=\"elementor-shape-fill\" d=\"M0 0L2600 0 2600 69.1 0 0z\"\/>\n\t<path class=\"elementor-shape-fill\" style=\"opacity:0.5\" d=\"M0 0L2600 0 2600 69.1 0 69.1z\"\/>\n\t<path class=\"elementor-shape-fill\" style=\"opacity:0.25\" d=\"M2600 0L0 0 0 130.1 2600 69.1z\"\/>\n<\/svg>\t\t<\/div>\n\t\t\t\t<\/div>\n\t\t<div class=\"elementor-element elementor-element-d631e38 e-con-full e-flex e-con e-parent\" data-id=\"d631e38\" data-element_type=\"container\" data-e-type=\"container\">\n\t\t\t\t<div class=\"elementor-element elementor-element-c584d83 elementor-align-left elementor-widget elementor-widget-button\" data-id=\"c584d83\" data-element_type=\"widget\" data-e-type=\"widget\" data-widget_type=\"button.default\">\n\t\t\t\t<div class=\"elementor-widget-container\">\n\t\t\t\t\t\t\t\t\t<div class=\"elementor-button-wrapper\">\n\t\t\t\t\t<a class=\"elementor-button elementor-button-link elementor-size-sm\" href=\"https:\/\/www.sunnertracking.com\/es\/servicios\/\">\n\t\t\t\t\t\t<span class=\"elementor-button-content-wrapper\">\n\t\t\t\t\t\t\t\t\t<span class=\"elementor-button-text\">&lt;&lt; EXPLORAR OTROS SERVICIOS<\/span>\n\t\t\t\t\t<\/span>\n\t\t\t\t\t<\/a>\n\t\t\t\t<\/div>\n\t\t\t\t\t\t\t\t<\/div>\n\t\t\t\t<\/div>\n\t\t\t\t<\/div>\n\t\t<div class=\"elementor-element elementor-element-c62b9d9 e-con-full e-flex e-con e-parent\" data-id=\"c62b9d9\" data-element_type=\"container\" data-e-type=\"container\">\n\t\t<div class=\"elementor-element elementor-element-30095ca e-con-full e-flex e-con e-child\" data-id=\"30095ca\" data-element_type=\"container\" data-e-type=\"container\">\n\t\t\t\t<div class=\"elementor-element elementor-element-e036006 elementor-widget__width-initial elementor-invisible elementor-widget elementor-widget-heading\" data-id=\"e036006\" data-element_type=\"widget\" data-e-type=\"widget\" data-settings=\"{&quot;_animation&quot;:&quot;fadeInLeft&quot;}\" data-widget_type=\"heading.default\">\n\t\t\t\t<div class=\"elementor-widget-container\">\n\t\t\t\t\t<h1 class=\"elementor-heading-title elementor-size-default\">Auditor\u00eda de rendimiento<\/h1>\t\t\t\t<\/div>\n\t\t\t\t<\/div>\n\t\t\t\t<div class=\"elementor-element elementor-element-4e8cc46 elementor-widget__width-initial elementor-invisible elementor-widget elementor-widget-heading\" data-id=\"4e8cc46\" data-element_type=\"widget\" data-e-type=\"widget\" data-settings=\"{&quot;_animation&quot;:&quot;fadeInLeft&quot;,&quot;_animation_delay&quot;:100}\" data-widget_type=\"heading.default\">\n\t\t\t\t<div class=\"elementor-widget-container\">\n\t\t\t\t\t<h2 class=\"elementor-heading-title elementor-size-default\"><strong>Auditor\u00edas exhaustivas<\/strong> para evaluar el rendimiento real de su planta en comparaci\u00f3n con su potencial. Identificamos <strong>desviaciones, p\u00e9rdidas de producci\u00f3n<\/strong> y <strong>\u00e1reas de mejora<\/strong> con recomendaciones espec\u00edficas y cuantificables.<\/h2>\t\t\t\t<\/div>\n\t\t\t\t<\/div>\n\t\t\t\t<div class=\"elementor-element elementor-element-93ce904 elementor-widget__width-initial elementor-invisible elementor-widget elementor-widget-text-editor\" data-id=\"93ce904\" data-element_type=\"widget\" data-e-type=\"widget\" data-settings=\"{&quot;_animation&quot;:&quot;fadeInLeft&quot;,&quot;_animation_delay&quot;:100}\" data-widget_type=\"text-editor.default\">\n\t\t\t\t<div class=\"elementor-widget-container\">\n\t\t\t\t\t\t\t\t\t<p>Proporcionamos toda la informaci\u00f3n necesaria para analizar el<strong> retorno de la inversi\u00f3n en la mejora del rendimiento.<\/strong><\/p><ul><li>Informe de disponibilidad (en dise\u00f1o)<\/li><li>Informe de seguimiento completo<\/li><li>Informe de disponibilidad (en funcionamiento)<\/li><\/ul>\t\t\t\t\t\t\t\t<\/div>\n\t\t\t\t<\/div>\n\t\t\t\t<\/div>\n\t\t\t\t<div class=\"elementor-element elementor-element-6bf8f95 elementor-widget__width-initial elementor-absolute elementor-invisible elementor-widget elementor-widget-image\" data-id=\"6bf8f95\" data-element_type=\"widget\" data-e-type=\"widget\" data-settings=\"{&quot;_position&quot;:&quot;absolute&quot;,&quot;_animation&quot;:&quot;fadeInRight&quot;}\" data-widget_type=\"image.default\">\n\t\t\t\t<div class=\"elementor-widget-container\">\n\t\t\t\t\t\t\t\t\t\t\t\t\t\t\t<img fetchpriority=\"high\" decoding=\"async\" width=\"1024\" height=\"1024\" src=\"https:\/\/www.sunnertracking.com\/wp-content\/uploads\/2025\/11\/PERFORMANCE-AUDIT.png\" class=\"attachment-full size-full wp-image-3178\" alt=\"foto Auditor\u00eda de rendimiento. Se ve a una persona en un parque solar tomando notas con una gr\u00e1fica de fondo.\" srcset=\"https:\/\/www.sunnertracking.com\/wp-content\/uploads\/2025\/11\/PERFORMANCE-AUDIT.png 1024w, https:\/\/www.sunnertracking.com\/wp-content\/uploads\/2025\/11\/PERFORMANCE-AUDIT-300x300.png 300w, https:\/\/www.sunnertracking.com\/wp-content\/uploads\/2025\/11\/PERFORMANCE-AUDIT-150x150.png 150w, https:\/\/www.sunnertracking.com\/wp-content\/uploads\/2025\/11\/PERFORMANCE-AUDIT-768x768.png 768w\" sizes=\"(max-width: 1024px) 100vw, 1024px\" \/>\t\t\t\t\t\t\t\t\t\t\t\t\t\t\t<\/div>\n\t\t\t\t<\/div>\n\t\t\t\t<\/div>\n\t\t<div class=\"elementor-element elementor-element-afae62b e-con-full e-flex e-con e-parent\" data-id=\"afae62b\" data-element_type=\"container\" data-e-type=\"container\" data-settings=\"{&quot;background_background&quot;:&quot;classic&quot;}\">\n\t\t\t\t<div class=\"elementor-element elementor-element-63caee7 elementor-widget elementor-widget-heading\" data-id=\"63caee7\" data-element_type=\"widget\" data-e-type=\"widget\" data-widget_type=\"heading.default\">\n\t\t\t\t<div class=\"elementor-widget-container\">\n\t\t\t\t\t<h2 class=\"elementor-heading-title elementor-size-default\">Haz que tu planta supere tus expectativas.<\/h2>\t\t\t\t<\/div>\n\t\t\t\t<\/div>\n\t\t\t\t<div class=\"elementor-element elementor-element-8558afe elementor-widget-divider--view-line elementor-widget elementor-widget-divider\" data-id=\"8558afe\" data-element_type=\"widget\" data-e-type=\"widget\" data-widget_type=\"divider.default\">\n\t\t\t\t<div class=\"elementor-widget-container\">\n\t\t\t\t\t\t\t<div class=\"elementor-divider\">\n\t\t\t<span class=\"elementor-divider-separator\">\n\t\t\t\t\t\t<\/span>\n\t\t<\/div>\n\t\t\t\t\t\t<\/div>\n\t\t\t\t<\/div>\n\t\t\t\t<div class=\"elementor-element elementor-element-7b6d833 elementor-widget elementor-widget-text-editor\" data-id=\"7b6d833\" data-element_type=\"widget\" data-e-type=\"widget\" data-widget_type=\"text-editor.default\">\n\t\t\t\t<div class=\"elementor-widget-container\">\n\t\t\t\t\t\t\t\t\t<p>Servicios Sunner: innovaci\u00f3n y asistencia para la repotenciaci\u00f3n solar.<\/p>\t\t\t\t\t\t\t\t<\/div>\n\t\t\t\t<\/div>\n\t\t\t\t<div class=\"elementor-element elementor-element-3e04558 elementor-widget elementor-widget-button\" data-id=\"3e04558\" data-element_type=\"widget\" data-e-type=\"widget\" data-widget_type=\"button.default\">\n\t\t\t\t<div class=\"elementor-widget-container\">\n\t\t\t\t\t\t\t\t\t<div class=\"elementor-button-wrapper\">\n\t\t\t\t\t<a class=\"elementor-button elementor-button-link elementor-size-sm\" href=\"\">\n\t\t\t\t\t\t<span class=\"elementor-button-content-wrapper\">\n\t\t\t\t\t\t<span class=\"elementor-button-icon\">\n\t\t\t\t<svg aria-hidden=\"true\" class=\"e-font-icon-svg e-fas-arrow-right\" viewBox=\"0 0 448 512\" xmlns=\"http:\/\/www.w3.org\/2000\/svg\"><path d=\"M190.5 66.9l22.2-22.2c9.4-9.4 24.6-9.4 33.9 0L441 239c9.4 9.4 9.4 24.6 0 33.9L246.6 467.3c-9.4 9.4-24.6 9.4-33.9 0l-22.2-22.2c-9.5-9.5-9.3-25 .4-34.3L311.4 296H24c-13.3 0-24-10.7-24-24v-32c0-13.3 10.7-24 24-24h287.4L190.9 101.2c-9.8-9.3-10-24.8-.4-34.3z\"><\/path><\/svg>\t\t\t<\/span>\n\t\t\t\t\t\t\t\t\t<span class=\"elementor-button-text\">SOLICITE SU DIAGN\u00d3STICO GRATUITO<\/span>\n\t\t\t\t\t<\/span>\n\t\t\t\t\t<\/a>\n\t\t\t\t<\/div>\n\t\t\t\t\t\t\t\t<\/div>\n\t\t\t\t<\/div>\n\t\t\t\t<\/div>\n\t\t\t\t<\/div>\n\t\t","protected":false},"excerpt":{"rendered":"<p>&lt;&lt; EXPLORAR OTROS SERVICIOS Auditor\u00eda de rendimiento Auditor\u00edas exhaustivas para evaluar el rendimiento real de su planta en comparaci\u00f3n con su potencial. Identificamos desviaciones, p\u00e9rdidas de producci\u00f3n y \u00e1reas de mejora con recomendaciones espec\u00edficas y cuantificables. Proporcionamos toda la informaci\u00f3n necesaria para analizar el retorno de la inversi\u00f3n en la mejora del rendimiento. Informe de [&hellip;]<\/p>\n","protected":false},"author":2,"featured_media":0,"parent":2659,"menu_order":0,"comment_status":"closed","ping_status":"closed","template":"","meta":{"footnotes":""},"class_list":["post-3125","page","type-page","status-publish","hentry"],"yoast_head":"<!-- This site is optimized with the Yoast SEO plugin v27.3 - https:\/\/yoast.com\/product\/yoast-seo-wordpress\/ -->\n<title>Auditor\u00eda de rendimiento | Sunner Tracking Electronics<\/title>\n<meta name=\"description\" content=\"Analiza y mejora la eficiencia de tu planta solar con nuestra auditor\u00eda avanzada. Optimiza tu energ\u00eda y act\u00faa hoy mismo.\" \/>\n<meta name=\"robots\" content=\"index, follow, max-snippet:-1, max-image-preview:large, max-video-preview:-1\" \/>\n<link rel=\"canonical\" href=\"https:\/\/www.sunnertracking.com\/es\/servicios\/auditoria-de-rendimiento\/\" \/>\n<meta property=\"og:locale\" content=\"es_ES\" \/>\n<meta property=\"og:type\" content=\"article\" \/>\n<meta property=\"og:title\" content=\"Auditor\u00eda de rendimiento | Sunner Tracking Electronics\" \/>\n<meta property=\"og:description\" content=\"Analiza y mejora la eficiencia de tu planta solar con nuestra auditor\u00eda avanzada. Optimiza tu energ\u00eda y act\u00faa hoy mismo.\" \/>\n<meta property=\"og:url\" content=\"https:\/\/www.sunnertracking.com\/es\/servicios\/auditoria-de-rendimiento\/\" \/>\n<meta property=\"og:site_name\" content=\"SUNNER\" \/>\n<meta property=\"article:modified_time\" content=\"2025-11-27T11:29:01+00:00\" \/>\n<meta property=\"og:image\" content=\"https:\/\/www.sunnertracking.com\/wp-content\/uploads\/2025\/11\/PERFORMANCE-AUDIT.png\" \/>\n\t<meta property=\"og:image:width\" content=\"1024\" \/>\n\t<meta property=\"og:image:height\" content=\"1024\" \/>\n\t<meta property=\"og:image:type\" content=\"image\/png\" \/>\n<meta name=\"twitter:card\" content=\"summary_large_image\" \/>\n<meta name=\"twitter:label1\" content=\"Tiempo de lectura\" \/>\n\t<meta name=\"twitter:data1\" content=\"1 minuto\" \/>\n<script type=\"application\/ld+json\" class=\"yoast-schema-graph\">{\"@context\":\"https:\\\/\\\/schema.org\",\"@graph\":[{\"@type\":\"WebPage\",\"@id\":\"https:\\\/\\\/www.sunnertracking.com\\\/es\\\/servicios\\\/auditoria-de-rendimiento\\\/\",\"url\":\"https:\\\/\\\/www.sunnertracking.com\\\/es\\\/servicios\\\/auditoria-de-rendimiento\\\/\",\"name\":\"Auditor\u00eda de rendimiento | Sunner Tracking Electronics\",\"isPartOf\":{\"@id\":\"https:\\\/\\\/www.sunnertracking.com\\\/es\\\/#website\"},\"primaryImageOfPage\":{\"@id\":\"https:\\\/\\\/www.sunnertracking.com\\\/es\\\/servicios\\\/auditoria-de-rendimiento\\\/#primaryimage\"},\"image\":{\"@id\":\"https:\\\/\\\/www.sunnertracking.com\\\/es\\\/servicios\\\/auditoria-de-rendimiento\\\/#primaryimage\"},\"thumbnailUrl\":\"https:\\\/\\\/www.sunnertracking.com\\\/wp-content\\\/uploads\\\/2025\\\/11\\\/PERFORMANCE-AUDIT.png\",\"datePublished\":\"2025-09-23T12:03:28+00:00\",\"dateModified\":\"2025-11-27T11:29:01+00:00\",\"description\":\"Analiza y mejora la eficiencia de tu planta solar con nuestra auditor\u00eda avanzada. Optimiza tu energ\u00eda y act\u00faa hoy mismo.\",\"breadcrumb\":{\"@id\":\"https:\\\/\\\/www.sunnertracking.com\\\/es\\\/servicios\\\/auditoria-de-rendimiento\\\/#breadcrumb\"},\"inLanguage\":\"es\",\"potentialAction\":[{\"@type\":\"ReadAction\",\"target\":[\"https:\\\/\\\/www.sunnertracking.com\\\/es\\\/servicios\\\/auditoria-de-rendimiento\\\/\"]}]},{\"@type\":\"ImageObject\",\"inLanguage\":\"es\",\"@id\":\"https:\\\/\\\/www.sunnertracking.com\\\/es\\\/servicios\\\/auditoria-de-rendimiento\\\/#primaryimage\",\"url\":\"https:\\\/\\\/www.sunnertracking.com\\\/wp-content\\\/uploads\\\/2025\\\/11\\\/PERFORMANCE-AUDIT.png\",\"contentUrl\":\"https:\\\/\\\/www.sunnertracking.com\\\/wp-content\\\/uploads\\\/2025\\\/11\\\/PERFORMANCE-AUDIT.png\"},{\"@type\":\"BreadcrumbList\",\"@id\":\"https:\\\/\\\/www.sunnertracking.com\\\/es\\\/servicios\\\/auditoria-de-rendimiento\\\/#breadcrumb\",\"itemListElement\":[{\"@type\":\"ListItem\",\"position\":1,\"name\":\"Portada\",\"item\":\"https:\\\/\\\/www.sunnertracking.com\\\/es\\\/\"},{\"@type\":\"ListItem\",\"position\":2,\"name\":\"Servicios\",\"item\":\"https:\\\/\\\/www.sunnertracking.com\\\/es\\\/servicios\\\/\"},{\"@type\":\"ListItem\",\"position\":3,\"name\":\"Auditor\u00eda de rendimiento\"}]},{\"@type\":\"WebSite\",\"@id\":\"https:\\\/\\\/www.sunnertracking.com\\\/es\\\/#website\",\"url\":\"https:\\\/\\\/www.sunnertracking.com\\\/es\\\/\",\"name\":\"Sunner tracking electronics\",\"description\":\"Tracking electronics\",\"publisher\":{\"@id\":\"https:\\\/\\\/www.sunnertracking.com\\\/es\\\/#organization\"},\"potentialAction\":[{\"@type\":\"SearchAction\",\"target\":{\"@type\":\"EntryPoint\",\"urlTemplate\":\"https:\\\/\\\/www.sunnertracking.com\\\/es\\\/?s={search_term_string}\"},\"query-input\":{\"@type\":\"PropertyValueSpecification\",\"valueRequired\":true,\"valueName\":\"search_term_string\"}}],\"inLanguage\":\"es\"},{\"@type\":\"Organization\",\"@id\":\"https:\\\/\\\/www.sunnertracking.com\\\/es\\\/#organization\",\"name\":\"Sunner\",\"url\":\"https:\\\/\\\/www.sunnertracking.com\\\/es\\\/\",\"logo\":{\"@type\":\"ImageObject\",\"inLanguage\":\"es\",\"@id\":\"https:\\\/\\\/www.sunnertracking.com\\\/es\\\/#\\\/schema\\\/logo\\\/image\\\/\",\"url\":\"https:\\\/\\\/www.sunnertracking.com\\\/wp-content\\\/uploads\\\/2025\\\/11\\\/Logo-SUNNER.png\",\"contentUrl\":\"https:\\\/\\\/www.sunnertracking.com\\\/wp-content\\\/uploads\\\/2025\\\/11\\\/Logo-SUNNER.png\",\"width\":363,\"height\":89,\"caption\":\"Sunner\"},\"image\":{\"@id\":\"https:\\\/\\\/www.sunnertracking.com\\\/es\\\/#\\\/schema\\\/logo\\\/image\\\/\"},\"sameAs\":[\"https:\\\/\\\/www.linkedin.com\\\/company\\\/sunner-tracking-electronics\\\/\"]}]}<\/script>\n<!-- \/ Yoast SEO plugin. -->","yoast_head_json":{"title":"Auditor\u00eda de rendimiento | Sunner Tracking Electronics","description":"Analiza y mejora la eficiencia de tu planta solar con nuestra auditor\u00eda avanzada. Optimiza tu energ\u00eda y act\u00faa hoy mismo.","robots":{"index":"index","follow":"follow","max-snippet":"max-snippet:-1","max-image-preview":"max-image-preview:large","max-video-preview":"max-video-preview:-1"},"canonical":"https:\/\/www.sunnertracking.com\/es\/servicios\/auditoria-de-rendimiento\/","og_locale":"es_ES","og_type":"article","og_title":"Auditor\u00eda de rendimiento | Sunner Tracking Electronics","og_description":"Analiza y mejora la eficiencia de tu planta solar con nuestra auditor\u00eda avanzada. Optimiza tu energ\u00eda y act\u00faa hoy mismo.","og_url":"https:\/\/www.sunnertracking.com\/es\/servicios\/auditoria-de-rendimiento\/","og_site_name":"SUNNER","article_modified_time":"2025-11-27T11:29:01+00:00","og_image":[{"width":1024,"height":1024,"url":"https:\/\/www.sunnertracking.com\/wp-content\/uploads\/2025\/11\/PERFORMANCE-AUDIT.png","type":"image\/png"}],"twitter_card":"summary_large_image","twitter_misc":{"Tiempo de lectura":"1 minuto"},"schema":{"@context":"https:\/\/schema.org","@graph":[{"@type":"WebPage","@id":"https:\/\/www.sunnertracking.com\/es\/servicios\/auditoria-de-rendimiento\/","url":"https:\/\/www.sunnertracking.com\/es\/servicios\/auditoria-de-rendimiento\/","name":"Auditor\u00eda de rendimiento | Sunner Tracking Electronics","isPartOf":{"@id":"https:\/\/www.sunnertracking.com\/es\/#website"},"primaryImageOfPage":{"@id":"https:\/\/www.sunnertracking.com\/es\/servicios\/auditoria-de-rendimiento\/#primaryimage"},"image":{"@id":"https:\/\/www.sunnertracking.com\/es\/servicios\/auditoria-de-rendimiento\/#primaryimage"},"thumbnailUrl":"https:\/\/www.sunnertracking.com\/wp-content\/uploads\/2025\/11\/PERFORMANCE-AUDIT.png","datePublished":"2025-09-23T12:03:28+00:00","dateModified":"2025-11-27T11:29:01+00:00","description":"Analiza y mejora la eficiencia de tu planta solar con nuestra auditor\u00eda avanzada. Optimiza tu energ\u00eda y act\u00faa hoy mismo.","breadcrumb":{"@id":"https:\/\/www.sunnertracking.com\/es\/servicios\/auditoria-de-rendimiento\/#breadcrumb"},"inLanguage":"es","potentialAction":[{"@type":"ReadAction","target":["https:\/\/www.sunnertracking.com\/es\/servicios\/auditoria-de-rendimiento\/"]}]},{"@type":"ImageObject","inLanguage":"es","@id":"https:\/\/www.sunnertracking.com\/es\/servicios\/auditoria-de-rendimiento\/#primaryimage","url":"https:\/\/www.sunnertracking.com\/wp-content\/uploads\/2025\/11\/PERFORMANCE-AUDIT.png","contentUrl":"https:\/\/www.sunnertracking.com\/wp-content\/uploads\/2025\/11\/PERFORMANCE-AUDIT.png"},{"@type":"BreadcrumbList","@id":"https:\/\/www.sunnertracking.com\/es\/servicios\/auditoria-de-rendimiento\/#breadcrumb","itemListElement":[{"@type":"ListItem","position":1,"name":"Portada","item":"https:\/\/www.sunnertracking.com\/es\/"},{"@type":"ListItem","position":2,"name":"Servicios","item":"https:\/\/www.sunnertracking.com\/es\/servicios\/"},{"@type":"ListItem","position":3,"name":"Auditor\u00eda de rendimiento"}]},{"@type":"WebSite","@id":"https:\/\/www.sunnertracking.com\/es\/#website","url":"https:\/\/www.sunnertracking.com\/es\/","name":"Sunner tracking electronics","description":"Tracking electronics","publisher":{"@id":"https:\/\/www.sunnertracking.com\/es\/#organization"},"potentialAction":[{"@type":"SearchAction","target":{"@type":"EntryPoint","urlTemplate":"https:\/\/www.sunnertracking.com\/es\/?s={search_term_string}"},"query-input":{"@type":"PropertyValueSpecification","valueRequired":true,"valueName":"search_term_string"}}],"inLanguage":"es"},{"@type":"Organization","@id":"https:\/\/www.sunnertracking.com\/es\/#organization","name":"Sunner","url":"https:\/\/www.sunnertracking.com\/es\/","logo":{"@type":"ImageObject","inLanguage":"es","@id":"https:\/\/www.sunnertracking.com\/es\/#\/schema\/logo\/image\/","url":"https:\/\/www.sunnertracking.com\/wp-content\/uploads\/2025\/11\/Logo-SUNNER.png","contentUrl":"https:\/\/www.sunnertracking.com\/wp-content\/uploads\/2025\/11\/Logo-SUNNER.png","width":363,"height":89,"caption":"Sunner"},"image":{"@id":"https:\/\/www.sunnertracking.com\/es\/#\/schema\/logo\/image\/"},"sameAs":["https:\/\/www.linkedin.com\/company\/sunner-tracking-electronics\/"]}]}},"_links":{"self":[{"href":"https:\/\/www.sunnertracking.com\/es\/wp-json\/wp\/v2\/pages\/3125","targetHints":{"allow":["GET"]}}],"collection":[{"href":"https:\/\/www.sunnertracking.com\/es\/wp-json\/wp\/v2\/pages"}],"about":[{"href":"https:\/\/www.sunnertracking.com\/es\/wp-json\/wp\/v2\/types\/page"}],"author":[{"embeddable":true,"href":"https:\/\/www.sunnertracking.com\/es\/wp-json\/wp\/v2\/users\/2"}],"replies":[{"embeddable":true,"href":"https:\/\/www.sunnertracking.com\/es\/wp-json\/wp\/v2\/comments?post=3125"}],"version-history":[{"count":21,"href":"https:\/\/www.sunnertracking.com\/es\/wp-json\/wp\/v2\/pages\/3125\/revisions"}],"predecessor-version":[{"id":3840,"href":"https:\/\/www.sunnertracking.com\/es\/wp-json\/wp\/v2\/pages\/3125\/revisions\/3840"}],"up":[{"embeddable":true,"href":"https:\/\/www.sunnertracking.com\/es\/wp-json\/wp\/v2\/pages\/2659"}],"wp:attachment":[{"href":"https:\/\/www.sunnertracking.com\/es\/wp-json\/wp\/v2\/media?parent=3125"}],"curies":[{"name":"wp","href":"https:\/\/api.w.org\/{rel}","templated":true}]}}