{"id":3127,"date":"2025-09-24T12:33:34","date_gmt":"2025-09-24T10:33:34","guid":{"rendered":"https:\/\/www.sunnertracking.com\/servicios\/prueba-de-estabilidad\/"},"modified":"2025-11-27T13:27:56","modified_gmt":"2025-11-27T12:27:56","slug":"salud-estructural","status":"publish","type":"page","link":"https:\/\/www.sunnertracking.com\/es\/servicios\/salud-estructural\/","title":{"rendered":"Salud Estructural"},"content":{"rendered":"\t\t<div data-elementor-type=\"wp-page\" data-elementor-id=\"3127\" class=\"elementor elementor-3127 elementor-2554\" data-elementor-post-type=\"page\">\n\t\t\t\t<div class=\"elementor-element elementor-element-e2ab4a6 e-con-full e-flex e-con e-parent\" data-id=\"e2ab4a6\" data-element_type=\"container\" data-e-type=\"container\" data-settings=\"{&quot;background_background&quot;:&quot;classic&quot;,&quot;shape_divider_bottom&quot;:&quot;opacity-tilt&quot;}\">\n\t\t\t\t<div class=\"elementor-shape elementor-shape-bottom\" aria-hidden=\"true\" data-negative=\"false\">\n\t\t\t<svg xmlns=\"http:\/\/www.w3.org\/2000\/svg\" viewBox=\"0 0 2600 131.1\" preserveAspectRatio=\"none\">\n\t<path class=\"elementor-shape-fill\" d=\"M0 0L2600 0 2600 69.1 0 0z\"\/>\n\t<path class=\"elementor-shape-fill\" style=\"opacity:0.5\" d=\"M0 0L2600 0 2600 69.1 0 69.1z\"\/>\n\t<path class=\"elementor-shape-fill\" style=\"opacity:0.25\" d=\"M2600 0L0 0 0 130.1 2600 69.1z\"\/>\n<\/svg>\t\t<\/div>\n\t\t\t\t<\/div>\n\t\t<div class=\"elementor-element elementor-element-aef7a2d e-con-full e-flex e-con e-parent\" data-id=\"aef7a2d\" data-element_type=\"container\" data-e-type=\"container\">\n\t\t\t\t<div class=\"elementor-element elementor-element-573cdf5 elementor-align-left elementor-widget elementor-widget-button\" data-id=\"573cdf5\" data-element_type=\"widget\" data-e-type=\"widget\" data-widget_type=\"button.default\">\n\t\t\t\t<div class=\"elementor-widget-container\">\n\t\t\t\t\t\t\t\t\t<div class=\"elementor-button-wrapper\">\n\t\t\t\t\t<a class=\"elementor-button elementor-button-link elementor-size-sm\" href=\"https:\/\/www.sunnertracking.com\/es\/servicios\/\">\n\t\t\t\t\t\t<span class=\"elementor-button-content-wrapper\">\n\t\t\t\t\t\t\t\t\t<span class=\"elementor-button-text\">&lt;&lt; EXPLORAR OTROS SERVICIOS<\/span>\n\t\t\t\t\t<\/span>\n\t\t\t\t\t<\/a>\n\t\t\t\t<\/div>\n\t\t\t\t\t\t\t\t<\/div>\n\t\t\t\t<\/div>\n\t\t\t\t<\/div>\n\t\t<div class=\"elementor-element elementor-element-a5019b6 e-con-full e-flex e-con e-parent\" data-id=\"a5019b6\" data-element_type=\"container\" data-e-type=\"container\">\n\t\t<div class=\"elementor-element elementor-element-811aed2 e-con-full e-flex e-con e-child\" data-id=\"811aed2\" data-element_type=\"container\" data-e-type=\"container\">\n\t\t\t\t<div class=\"elementor-element elementor-element-965fa8d elementor-widget__width-initial elementor-invisible elementor-widget elementor-widget-heading\" data-id=\"965fa8d\" data-element_type=\"widget\" data-e-type=\"widget\" data-settings=\"{&quot;_animation&quot;:&quot;fadeInLeft&quot;}\" data-widget_type=\"heading.default\">\n\t\t\t\t<div class=\"elementor-widget-container\">\n\t\t\t\t\t<h1 class=\"elementor-heading-title elementor-size-default\">Salud Estructural<\/h1>\t\t\t\t<\/div>\n\t\t\t\t<\/div>\n\t\t\t\t<div class=\"elementor-element elementor-element-6f4dc74 elementor-widget__width-initial elementor-invisible elementor-widget elementor-widget-heading\" data-id=\"6f4dc74\" data-element_type=\"widget\" data-e-type=\"widget\" data-settings=\"{&quot;_animation&quot;:&quot;fadeInLeft&quot;,&quot;_animation_delay&quot;:100}\" data-widget_type=\"heading.default\">\n\t\t\t\t<div class=\"elementor-widget-container\">\n\t\t\t\t\t<h2 class=\"elementor-heading-title elementor-size-default\">Supervise el comportamiento din\u00e1mico de cada seguidor en diferentes condiciones de viento en tiempo real. Eval\u00fae propiedades como la <strong>frecuencia y la amortiguaci\u00f3n aparente<\/strong> de la interacci\u00f3n entre el viento y la estructura que condicionan la <strong>estabilidad din\u00e1mica del seguidor<\/strong>, correlacionando estos resultados con la activaci\u00f3n de <strong>estrategias de protecci\u00f3n y la informaci\u00f3n de dise\u00f1o.<\/strong><\/h2>\t\t\t\t<\/div>\n\t\t\t\t<\/div>\n\t\t\t\t<\/div>\n\t\t\t\t<div class=\"elementor-element elementor-element-cf12626 elementor-widget__width-initial elementor-absolute elementor-invisible elementor-widget elementor-widget-image\" data-id=\"cf12626\" data-element_type=\"widget\" data-e-type=\"widget\" data-settings=\"{&quot;_position&quot;:&quot;absolute&quot;,&quot;_animation&quot;:&quot;fadeInRight&quot;}\" data-widget_type=\"image.default\">\n\t\t\t\t<div class=\"elementor-widget-container\">\n\t\t\t\t\t\t\t\t\t\t\t\t\t\t\t<img fetchpriority=\"high\" decoding=\"async\" width=\"2000\" height=\"1500\" src=\"https:\/\/www.sunnertracking.com\/wp-content\/uploads\/2025\/07\/foto-trabajador-sunner-en-parque-solar-1.jpg\" class=\"attachment-full size-full wp-image-1354\" alt=\"foto de un trabajador de SUNNER en campo\" srcset=\"https:\/\/www.sunnertracking.com\/wp-content\/uploads\/2025\/07\/foto-trabajador-sunner-en-parque-solar-1.jpg 2000w, https:\/\/www.sunnertracking.com\/wp-content\/uploads\/2025\/07\/foto-trabajador-sunner-en-parque-solar-1-300x225.jpg 300w, https:\/\/www.sunnertracking.com\/wp-content\/uploads\/2025\/07\/foto-trabajador-sunner-en-parque-solar-1-1024x768.jpg 1024w, https:\/\/www.sunnertracking.com\/wp-content\/uploads\/2025\/07\/foto-trabajador-sunner-en-parque-solar-1-768x576.jpg 768w, https:\/\/www.sunnertracking.com\/wp-content\/uploads\/2025\/07\/foto-trabajador-sunner-en-parque-solar-1-1536x1152.jpg 1536w\" sizes=\"(max-width: 2000px) 100vw, 2000px\" \/>\t\t\t\t\t\t\t\t\t\t\t\t\t\t\t<\/div>\n\t\t\t\t<\/div>\n\t\t\t\t<\/div>\n\t\t<div class=\"elementor-element elementor-element-6328711 e-con-full e-flex e-con e-parent\" data-id=\"6328711\" data-element_type=\"container\" data-e-type=\"container\" data-settings=\"{&quot;background_background&quot;:&quot;classic&quot;}\">\n\t\t\t\t<div class=\"elementor-element elementor-element-e049958 elementor-widget elementor-widget-heading\" data-id=\"e049958\" data-element_type=\"widget\" data-e-type=\"widget\" data-widget_type=\"heading.default\">\n\t\t\t\t<div class=\"elementor-widget-container\">\n\t\t\t\t\t<h3 class=\"elementor-heading-title elementor-size-default\">Haz que tu planta supere tus expectativas.<\/h3>\t\t\t\t<\/div>\n\t\t\t\t<\/div>\n\t\t\t\t<div class=\"elementor-element elementor-element-470c8ea elementor-widget-divider--view-line elementor-widget elementor-widget-divider\" data-id=\"470c8ea\" data-element_type=\"widget\" data-e-type=\"widget\" data-widget_type=\"divider.default\">\n\t\t\t\t<div class=\"elementor-widget-container\">\n\t\t\t\t\t\t\t<div class=\"elementor-divider\">\n\t\t\t<span class=\"elementor-divider-separator\">\n\t\t\t\t\t\t<\/span>\n\t\t<\/div>\n\t\t\t\t\t\t<\/div>\n\t\t\t\t<\/div>\n\t\t\t\t<div class=\"elementor-element elementor-element-a5cdf80 elementor-widget elementor-widget-text-editor\" data-id=\"a5cdf80\" data-element_type=\"widget\" data-e-type=\"widget\" data-widget_type=\"text-editor.default\">\n\t\t\t\t<div class=\"elementor-widget-container\">\n\t\t\t\t\t\t\t\t\t<p>Servicios Sunner: innovaci\u00f3n y asistencia para la repotenciaci\u00f3n solar.<\/p>\t\t\t\t\t\t\t\t<\/div>\n\t\t\t\t<\/div>\n\t\t\t\t<div class=\"elementor-element elementor-element-da78267 elementor-widget elementor-widget-button\" data-id=\"da78267\" data-element_type=\"widget\" data-e-type=\"widget\" data-widget_type=\"button.default\">\n\t\t\t\t<div class=\"elementor-widget-container\">\n\t\t\t\t\t\t\t\t\t<div class=\"elementor-button-wrapper\">\n\t\t\t\t\t<a class=\"elementor-button elementor-button-link elementor-size-sm\" href=\"\">\n\t\t\t\t\t\t<span class=\"elementor-button-content-wrapper\">\n\t\t\t\t\t\t<span class=\"elementor-button-icon\">\n\t\t\t\t<svg aria-hidden=\"true\" class=\"e-font-icon-svg e-fas-arrow-right\" viewBox=\"0 0 448 512\" xmlns=\"http:\/\/www.w3.org\/2000\/svg\"><path d=\"M190.5 66.9l22.2-22.2c9.4-9.4 24.6-9.4 33.9 0L441 239c9.4 9.4 9.4 24.6 0 33.9L246.6 467.3c-9.4 9.4-24.6 9.4-33.9 0l-22.2-22.2c-9.5-9.5-9.3-25 .4-34.3L311.4 296H24c-13.3 0-24-10.7-24-24v-32c0-13.3 10.7-24 24-24h287.4L190.9 101.2c-9.8-9.3-10-24.8-.4-34.3z\"><\/path><\/svg>\t\t\t<\/span>\n\t\t\t\t\t\t\t\t\t<span class=\"elementor-button-text\">SOLICITE SU DIAGN\u00d3STICO GRATUITO<\/span>\n\t\t\t\t\t<\/span>\n\t\t\t\t\t<\/a>\n\t\t\t\t<\/div>\n\t\t\t\t\t\t\t\t<\/div>\n\t\t\t\t<\/div>\n\t\t\t\t<\/div>\n\t\t\t\t<\/div>\n\t\t","protected":false},"excerpt":{"rendered":"<p>&lt;&lt; EXPLORAR OTROS SERVICIOS Salud Estructural Supervise el comportamiento din\u00e1mico de cada seguidor en diferentes condiciones de viento en tiempo real. Eval\u00fae propiedades como la frecuencia y la amortiguaci\u00f3n aparente de la interacci\u00f3n entre el viento y la estructura que condicionan la estabilidad din\u00e1mica del seguidor, correlacionando estos resultados con la activaci\u00f3n de estrategias de [&hellip;]<\/p>\n","protected":false},"author":2,"featured_media":0,"parent":2659,"menu_order":0,"comment_status":"closed","ping_status":"closed","template":"","meta":{"footnotes":""},"class_list":["post-3127","page","type-page","status-publish","hentry"],"yoast_head":"<!-- This site is optimized with the Yoast SEO plugin v27.3 - https:\/\/yoast.com\/product\/yoast-seo-wordpress\/ -->\n<title>Prueba de estabilidad | Sunner Tracking Electronics<\/title>\n<meta name=\"description\" content=\"Asegura la seguridad y durabilidad de tus instalaciones solares con nuestras pruebas avanzadas. Solicita m\u00e1s informaci\u00f3n aqu\u00ed.\" \/>\n<meta name=\"robots\" content=\"index, follow, max-snippet:-1, max-image-preview:large, max-video-preview:-1\" \/>\n<link rel=\"canonical\" href=\"https:\/\/www.sunnertracking.com\/es\/servicios\/salud-estructural\/\" \/>\n<meta property=\"og:locale\" content=\"es_ES\" \/>\n<meta property=\"og:type\" content=\"article\" \/>\n<meta property=\"og:title\" content=\"Prueba de estabilidad | Sunner Tracking Electronics\" \/>\n<meta property=\"og:description\" content=\"Asegura la seguridad y durabilidad de tus instalaciones solares con nuestras pruebas avanzadas. Solicita m\u00e1s informaci\u00f3n aqu\u00ed.\" \/>\n<meta property=\"og:url\" content=\"https:\/\/www.sunnertracking.com\/es\/servicios\/salud-estructural\/\" \/>\n<meta property=\"og:site_name\" content=\"SUNNER\" \/>\n<meta property=\"article:modified_time\" content=\"2025-11-27T12:27:56+00:00\" \/>\n<meta property=\"og:image\" content=\"https:\/\/www.sunnertracking.com\/wp-content\/uploads\/2025\/07\/foto-trabajador-sunner-en-parque-solar-1.jpg\" \/>\n\t<meta property=\"og:image:width\" content=\"2000\" \/>\n\t<meta property=\"og:image:height\" content=\"1500\" \/>\n\t<meta property=\"og:image:type\" content=\"image\/jpeg\" \/>\n<meta name=\"twitter:card\" content=\"summary_large_image\" \/>\n<meta name=\"twitter:label1\" content=\"Tiempo de lectura\" \/>\n\t<meta name=\"twitter:data1\" content=\"1 minuto\" \/>\n<script type=\"application\/ld+json\" class=\"yoast-schema-graph\">{\"@context\":\"https:\\\/\\\/schema.org\",\"@graph\":[{\"@type\":\"WebPage\",\"@id\":\"https:\\\/\\\/www.sunnertracking.com\\\/es\\\/servicios\\\/salud-estructural\\\/\",\"url\":\"https:\\\/\\\/www.sunnertracking.com\\\/es\\\/servicios\\\/salud-estructural\\\/\",\"name\":\"Prueba de estabilidad | Sunner Tracking Electronics\",\"isPartOf\":{\"@id\":\"https:\\\/\\\/www.sunnertracking.com\\\/es\\\/#website\"},\"primaryImageOfPage\":{\"@id\":\"https:\\\/\\\/www.sunnertracking.com\\\/es\\\/servicios\\\/salud-estructural\\\/#primaryimage\"},\"image\":{\"@id\":\"https:\\\/\\\/www.sunnertracking.com\\\/es\\\/servicios\\\/salud-estructural\\\/#primaryimage\"},\"thumbnailUrl\":\"https:\\\/\\\/www.sunnertracking.com\\\/wp-content\\\/uploads\\\/2025\\\/07\\\/foto-trabajador-sunner-en-parque-solar-1.jpg\",\"datePublished\":\"2025-09-24T10:33:34+00:00\",\"dateModified\":\"2025-11-27T12:27:56+00:00\",\"description\":\"Asegura la seguridad y durabilidad de tus instalaciones solares con nuestras pruebas avanzadas. Solicita m\u00e1s informaci\u00f3n aqu\u00ed.\",\"breadcrumb\":{\"@id\":\"https:\\\/\\\/www.sunnertracking.com\\\/es\\\/servicios\\\/salud-estructural\\\/#breadcrumb\"},\"inLanguage\":\"es\",\"potentialAction\":[{\"@type\":\"ReadAction\",\"target\":[\"https:\\\/\\\/www.sunnertracking.com\\\/es\\\/servicios\\\/salud-estructural\\\/\"]}]},{\"@type\":\"ImageObject\",\"inLanguage\":\"es\",\"@id\":\"https:\\\/\\\/www.sunnertracking.com\\\/es\\\/servicios\\\/salud-estructural\\\/#primaryimage\",\"url\":\"https:\\\/\\\/www.sunnertracking.com\\\/wp-content\\\/uploads\\\/2025\\\/07\\\/foto-trabajador-sunner-en-parque-solar-1.jpg\",\"contentUrl\":\"https:\\\/\\\/www.sunnertracking.com\\\/wp-content\\\/uploads\\\/2025\\\/07\\\/foto-trabajador-sunner-en-parque-solar-1.jpg\"},{\"@type\":\"BreadcrumbList\",\"@id\":\"https:\\\/\\\/www.sunnertracking.com\\\/es\\\/servicios\\\/salud-estructural\\\/#breadcrumb\",\"itemListElement\":[{\"@type\":\"ListItem\",\"position\":1,\"name\":\"Portada\",\"item\":\"https:\\\/\\\/www.sunnertracking.com\\\/es\\\/\"},{\"@type\":\"ListItem\",\"position\":2,\"name\":\"Servicios\",\"item\":\"https:\\\/\\\/www.sunnertracking.com\\\/es\\\/servicios\\\/\"},{\"@type\":\"ListItem\",\"position\":3,\"name\":\"Salud Estructural\"}]},{\"@type\":\"WebSite\",\"@id\":\"https:\\\/\\\/www.sunnertracking.com\\\/es\\\/#website\",\"url\":\"https:\\\/\\\/www.sunnertracking.com\\\/es\\\/\",\"name\":\"Sunner tracking electronics\",\"description\":\"Tracking electronics\",\"publisher\":{\"@id\":\"https:\\\/\\\/www.sunnertracking.com\\\/es\\\/#organization\"},\"potentialAction\":[{\"@type\":\"SearchAction\",\"target\":{\"@type\":\"EntryPoint\",\"urlTemplate\":\"https:\\\/\\\/www.sunnertracking.com\\\/es\\\/?s={search_term_string}\"},\"query-input\":{\"@type\":\"PropertyValueSpecification\",\"valueRequired\":true,\"valueName\":\"search_term_string\"}}],\"inLanguage\":\"es\"},{\"@type\":\"Organization\",\"@id\":\"https:\\\/\\\/www.sunnertracking.com\\\/es\\\/#organization\",\"name\":\"Sunner\",\"url\":\"https:\\\/\\\/www.sunnertracking.com\\\/es\\\/\",\"logo\":{\"@type\":\"ImageObject\",\"inLanguage\":\"es\",\"@id\":\"https:\\\/\\\/www.sunnertracking.com\\\/es\\\/#\\\/schema\\\/logo\\\/image\\\/\",\"url\":\"https:\\\/\\\/www.sunnertracking.com\\\/wp-content\\\/uploads\\\/2025\\\/11\\\/Logo-SUNNER.png\",\"contentUrl\":\"https:\\\/\\\/www.sunnertracking.com\\\/wp-content\\\/uploads\\\/2025\\\/11\\\/Logo-SUNNER.png\",\"width\":363,\"height\":89,\"caption\":\"Sunner\"},\"image\":{\"@id\":\"https:\\\/\\\/www.sunnertracking.com\\\/es\\\/#\\\/schema\\\/logo\\\/image\\\/\"},\"sameAs\":[\"https:\\\/\\\/www.linkedin.com\\\/company\\\/sunner-tracking-electronics\\\/\"]}]}<\/script>\n<!-- \/ Yoast SEO plugin. -->","yoast_head_json":{"title":"Prueba de estabilidad | Sunner Tracking Electronics","description":"Asegura la seguridad y durabilidad de tus instalaciones solares con nuestras pruebas avanzadas. Solicita m\u00e1s informaci\u00f3n aqu\u00ed.","robots":{"index":"index","follow":"follow","max-snippet":"max-snippet:-1","max-image-preview":"max-image-preview:large","max-video-preview":"max-video-preview:-1"},"canonical":"https:\/\/www.sunnertracking.com\/es\/servicios\/salud-estructural\/","og_locale":"es_ES","og_type":"article","og_title":"Prueba de estabilidad | Sunner Tracking Electronics","og_description":"Asegura la seguridad y durabilidad de tus instalaciones solares con nuestras pruebas avanzadas. Solicita m\u00e1s informaci\u00f3n aqu\u00ed.","og_url":"https:\/\/www.sunnertracking.com\/es\/servicios\/salud-estructural\/","og_site_name":"SUNNER","article_modified_time":"2025-11-27T12:27:56+00:00","og_image":[{"width":2000,"height":1500,"url":"https:\/\/www.sunnertracking.com\/wp-content\/uploads\/2025\/07\/foto-trabajador-sunner-en-parque-solar-1.jpg","type":"image\/jpeg"}],"twitter_card":"summary_large_image","twitter_misc":{"Tiempo de lectura":"1 minuto"},"schema":{"@context":"https:\/\/schema.org","@graph":[{"@type":"WebPage","@id":"https:\/\/www.sunnertracking.com\/es\/servicios\/salud-estructural\/","url":"https:\/\/www.sunnertracking.com\/es\/servicios\/salud-estructural\/","name":"Prueba de estabilidad | Sunner Tracking Electronics","isPartOf":{"@id":"https:\/\/www.sunnertracking.com\/es\/#website"},"primaryImageOfPage":{"@id":"https:\/\/www.sunnertracking.com\/es\/servicios\/salud-estructural\/#primaryimage"},"image":{"@id":"https:\/\/www.sunnertracking.com\/es\/servicios\/salud-estructural\/#primaryimage"},"thumbnailUrl":"https:\/\/www.sunnertracking.com\/wp-content\/uploads\/2025\/07\/foto-trabajador-sunner-en-parque-solar-1.jpg","datePublished":"2025-09-24T10:33:34+00:00","dateModified":"2025-11-27T12:27:56+00:00","description":"Asegura la seguridad y durabilidad de tus instalaciones solares con nuestras pruebas avanzadas. Solicita m\u00e1s informaci\u00f3n aqu\u00ed.","breadcrumb":{"@id":"https:\/\/www.sunnertracking.com\/es\/servicios\/salud-estructural\/#breadcrumb"},"inLanguage":"es","potentialAction":[{"@type":"ReadAction","target":["https:\/\/www.sunnertracking.com\/es\/servicios\/salud-estructural\/"]}]},{"@type":"ImageObject","inLanguage":"es","@id":"https:\/\/www.sunnertracking.com\/es\/servicios\/salud-estructural\/#primaryimage","url":"https:\/\/www.sunnertracking.com\/wp-content\/uploads\/2025\/07\/foto-trabajador-sunner-en-parque-solar-1.jpg","contentUrl":"https:\/\/www.sunnertracking.com\/wp-content\/uploads\/2025\/07\/foto-trabajador-sunner-en-parque-solar-1.jpg"},{"@type":"BreadcrumbList","@id":"https:\/\/www.sunnertracking.com\/es\/servicios\/salud-estructural\/#breadcrumb","itemListElement":[{"@type":"ListItem","position":1,"name":"Portada","item":"https:\/\/www.sunnertracking.com\/es\/"},{"@type":"ListItem","position":2,"name":"Servicios","item":"https:\/\/www.sunnertracking.com\/es\/servicios\/"},{"@type":"ListItem","position":3,"name":"Salud Estructural"}]},{"@type":"WebSite","@id":"https:\/\/www.sunnertracking.com\/es\/#website","url":"https:\/\/www.sunnertracking.com\/es\/","name":"Sunner tracking electronics","description":"Tracking electronics","publisher":{"@id":"https:\/\/www.sunnertracking.com\/es\/#organization"},"potentialAction":[{"@type":"SearchAction","target":{"@type":"EntryPoint","urlTemplate":"https:\/\/www.sunnertracking.com\/es\/?s={search_term_string}"},"query-input":{"@type":"PropertyValueSpecification","valueRequired":true,"valueName":"search_term_string"}}],"inLanguage":"es"},{"@type":"Organization","@id":"https:\/\/www.sunnertracking.com\/es\/#organization","name":"Sunner","url":"https:\/\/www.sunnertracking.com\/es\/","logo":{"@type":"ImageObject","inLanguage":"es","@id":"https:\/\/www.sunnertracking.com\/es\/#\/schema\/logo\/image\/","url":"https:\/\/www.sunnertracking.com\/wp-content\/uploads\/2025\/11\/Logo-SUNNER.png","contentUrl":"https:\/\/www.sunnertracking.com\/wp-content\/uploads\/2025\/11\/Logo-SUNNER.png","width":363,"height":89,"caption":"Sunner"},"image":{"@id":"https:\/\/www.sunnertracking.com\/es\/#\/schema\/logo\/image\/"},"sameAs":["https:\/\/www.linkedin.com\/company\/sunner-tracking-electronics\/"]}]}},"_links":{"self":[{"href":"https:\/\/www.sunnertracking.com\/es\/wp-json\/wp\/v2\/pages\/3127","targetHints":{"allow":["GET"]}}],"collection":[{"href":"https:\/\/www.sunnertracking.com\/es\/wp-json\/wp\/v2\/pages"}],"about":[{"href":"https:\/\/www.sunnertracking.com\/es\/wp-json\/wp\/v2\/types\/page"}],"author":[{"embeddable":true,"href":"https:\/\/www.sunnertracking.com\/es\/wp-json\/wp\/v2\/users\/2"}],"replies":[{"embeddable":true,"href":"https:\/\/www.sunnertracking.com\/es\/wp-json\/wp\/v2\/comments?post=3127"}],"version-history":[{"count":35,"href":"https:\/\/www.sunnertracking.com\/es\/wp-json\/wp\/v2\/pages\/3127\/revisions"}],"predecessor-version":[{"id":3950,"href":"https:\/\/www.sunnertracking.com\/es\/wp-json\/wp\/v2\/pages\/3127\/revisions\/3950"}],"up":[{"embeddable":true,"href":"https:\/\/www.sunnertracking.com\/es\/wp-json\/wp\/v2\/pages\/2659"}],"wp:attachment":[{"href":"https:\/\/www.sunnertracking.com\/es\/wp-json\/wp\/v2\/media?parent=3127"}],"curies":[{"name":"wp","href":"https:\/\/api.w.org\/{rel}","templated":true}]}}