{"id":3129,"date":"2025-09-24T12:57:58","date_gmt":"2025-09-24T10:57:58","guid":{"rendered":"https:\/\/www.sunnertracking.com\/servicios\/programa-de-entrenamiento\/"},"modified":"2025-11-27T13:35:25","modified_gmt":"2025-11-27T12:35:25","slug":"formacion-y-certificacion-del-equipo","status":"publish","type":"page","link":"https:\/\/www.sunnertracking.com\/es\/servicios\/formacion-y-certificacion-del-equipo\/","title":{"rendered":"Formaci\u00f3n y certificaci\u00f3n del equipo"},"content":{"rendered":"\t\t<div data-elementor-type=\"wp-page\" data-elementor-id=\"3129\" class=\"elementor elementor-3129 elementor-2571\" data-elementor-post-type=\"page\">\n\t\t\t\t<div class=\"elementor-element elementor-element-78448be e-con-full e-flex e-con e-parent\" data-id=\"78448be\" data-element_type=\"container\" data-e-type=\"container\" data-settings=\"{&quot;background_background&quot;:&quot;classic&quot;,&quot;shape_divider_bottom&quot;:&quot;opacity-tilt&quot;}\">\n\t\t\t\t<div class=\"elementor-shape elementor-shape-bottom\" aria-hidden=\"true\" data-negative=\"false\">\n\t\t\t<svg xmlns=\"http:\/\/www.w3.org\/2000\/svg\" viewBox=\"0 0 2600 131.1\" preserveAspectRatio=\"none\">\n\t<path class=\"elementor-shape-fill\" d=\"M0 0L2600 0 2600 69.1 0 0z\"\/>\n\t<path class=\"elementor-shape-fill\" style=\"opacity:0.5\" d=\"M0 0L2600 0 2600 69.1 0 69.1z\"\/>\n\t<path class=\"elementor-shape-fill\" style=\"opacity:0.25\" d=\"M2600 0L0 0 0 130.1 2600 69.1z\"\/>\n<\/svg>\t\t<\/div>\n\t\t\t\t<\/div>\n\t\t<div class=\"elementor-element elementor-element-32f7fd0 e-con-full e-flex e-con e-parent\" data-id=\"32f7fd0\" data-element_type=\"container\" data-e-type=\"container\">\n\t\t\t\t<div class=\"elementor-element elementor-element-0f08e54 elementor-align-left elementor-widget elementor-widget-button\" data-id=\"0f08e54\" data-element_type=\"widget\" data-e-type=\"widget\" data-widget_type=\"button.default\">\n\t\t\t\t<div class=\"elementor-widget-container\">\n\t\t\t\t\t\t\t\t\t<div class=\"elementor-button-wrapper\">\n\t\t\t\t\t<a class=\"elementor-button elementor-button-link elementor-size-sm\" href=\"https:\/\/www.sunnertracking.com\/es\/servicios\/\">\n\t\t\t\t\t\t<span class=\"elementor-button-content-wrapper\">\n\t\t\t\t\t\t\t\t\t<span class=\"elementor-button-text\">&lt;&lt; EXPLORAR OTROS SERVICIOS<\/span>\n\t\t\t\t\t<\/span>\n\t\t\t\t\t<\/a>\n\t\t\t\t<\/div>\n\t\t\t\t\t\t\t\t<\/div>\n\t\t\t\t<\/div>\n\t\t\t\t<\/div>\n\t\t<div class=\"elementor-element elementor-element-3856265 e-con-full e-flex e-con e-parent\" data-id=\"3856265\" data-element_type=\"container\" data-e-type=\"container\">\n\t\t<div class=\"elementor-element elementor-element-330219e e-con-full e-flex e-con e-child\" data-id=\"330219e\" data-element_type=\"container\" data-e-type=\"container\">\n\t\t\t\t<div class=\"elementor-element elementor-element-c82eba6 elementor-widget__width-initial elementor-invisible elementor-widget elementor-widget-heading\" data-id=\"c82eba6\" data-element_type=\"widget\" data-e-type=\"widget\" data-settings=\"{&quot;_animation&quot;:&quot;fadeInLeft&quot;}\" data-widget_type=\"heading.default\">\n\t\t\t\t<div class=\"elementor-widget-container\">\n\t\t\t\t\t<h1 class=\"elementor-heading-title elementor-size-default\">Formaci\u00f3n &amp; Certificaci\u00f3n del equipo<\/h1>\t\t\t\t<\/div>\n\t\t\t\t<\/div>\n\t\t\t\t<div class=\"elementor-element elementor-element-4715a68 elementor-widget__width-initial elementor-invisible elementor-widget elementor-widget-heading\" data-id=\"4715a68\" data-element_type=\"widget\" data-e-type=\"widget\" data-settings=\"{&quot;_animation&quot;:&quot;fadeInLeft&quot;,&quot;_animation_delay&quot;:100}\" data-widget_type=\"heading.default\">\n\t\t\t\t<div class=\"elementor-widget-container\">\n\t\t\t\t\t<h2 class=\"elementor-heading-title elementor-size-default\">Adem\u00e1s de la formaci\u00f3n para la puesta en marcha, en <strong>IED ofrecenis asistencia y formaci\u00f3n pr\u00e1ctica<\/strong> para el uso, <strong>diagn\u00f3stico<\/strong> y <strong>mantenimiento de los sistemas SUNNER.<\/strong> El objetivo es siempre el mismo: autonom\u00eda, reducci\u00f3n de costes y mejora continua en el funcionamiento.<\/h2>\t\t\t\t<\/div>\n\t\t\t\t<\/div>\n\t\t\t\t<div class=\"elementor-element elementor-element-1d7d77b elementor-widget__width-initial elementor-invisible elementor-widget elementor-widget-text-editor\" data-id=\"1d7d77b\" data-element_type=\"widget\" data-e-type=\"widget\" data-settings=\"{&quot;_animation&quot;:&quot;fadeInLeft&quot;,&quot;_animation_delay&quot;:100}\" data-widget_type=\"text-editor.default\">\n\t\t\t\t<div class=\"elementor-widget-container\">\n\t\t\t\t\t\t\t\t\t<ul><li>Programa de puesta en marcha<\/li><li>O&amp;M program<\/li><li>Certificado del equipo<\/li><\/ul>\t\t\t\t\t\t\t\t<\/div>\n\t\t\t\t<\/div>\n\t\t\t\t<\/div>\n\t\t\t\t<div class=\"elementor-element elementor-element-45fef11 elementor-widget__width-initial elementor-absolute elementor-invisible elementor-widget elementor-widget-image\" data-id=\"45fef11\" data-element_type=\"widget\" data-e-type=\"widget\" data-settings=\"{&quot;_position&quot;:&quot;absolute&quot;,&quot;_animation&quot;:&quot;fadeInRight&quot;}\" data-widget_type=\"image.default\">\n\t\t\t\t<div class=\"elementor-widget-container\">\n\t\t\t\t\t\t\t\t\t\t\t\t\t\t\t<img fetchpriority=\"high\" decoding=\"async\" width=\"1922\" height=\"2560\" src=\"https:\/\/www.sunnertracking.com\/wp-content\/uploads\/2025\/07\/foto-tcu-sunner-en-campo-1-scaled.jpg\" class=\"attachment-full size-full wp-image-1355\" alt=\"foto de TCU (Tracker Control Unit) de SUNNER en campo\" srcset=\"https:\/\/www.sunnertracking.com\/wp-content\/uploads\/2025\/07\/foto-tcu-sunner-en-campo-1-scaled.jpg 1922w, https:\/\/www.sunnertracking.com\/wp-content\/uploads\/2025\/07\/foto-tcu-sunner-en-campo-1-225x300.jpg 225w, https:\/\/www.sunnertracking.com\/wp-content\/uploads\/2025\/07\/foto-tcu-sunner-en-campo-1-769x1024.jpg 769w, https:\/\/www.sunnertracking.com\/wp-content\/uploads\/2025\/07\/foto-tcu-sunner-en-campo-1-768x1023.jpg 768w, https:\/\/www.sunnertracking.com\/wp-content\/uploads\/2025\/07\/foto-tcu-sunner-en-campo-1-1153x1536.jpg 1153w, https:\/\/www.sunnertracking.com\/wp-content\/uploads\/2025\/07\/foto-tcu-sunner-en-campo-1-1538x2048.jpg 1538w\" sizes=\"(max-width: 1922px) 100vw, 1922px\" \/>\t\t\t\t\t\t\t\t\t\t\t\t\t\t\t<\/div>\n\t\t\t\t<\/div>\n\t\t\t\t<\/div>\n\t\t<div class=\"elementor-element elementor-element-fb53b0a e-con-full e-flex e-con e-parent\" data-id=\"fb53b0a\" data-element_type=\"container\" data-e-type=\"container\" data-settings=\"{&quot;background_background&quot;:&quot;classic&quot;}\">\n\t\t\t\t<div class=\"elementor-element elementor-element-acbc272 elementor-widget elementor-widget-heading\" data-id=\"acbc272\" data-element_type=\"widget\" data-e-type=\"widget\" data-widget_type=\"heading.default\">\n\t\t\t\t<div class=\"elementor-widget-container\">\n\t\t\t\t\t<h2 class=\"elementor-heading-title elementor-size-default\">Haz que tu planta supere tus expectativas.<\/h2>\t\t\t\t<\/div>\n\t\t\t\t<\/div>\n\t\t\t\t<div class=\"elementor-element elementor-element-409e3da elementor-widget-divider--view-line elementor-widget elementor-widget-divider\" data-id=\"409e3da\" data-element_type=\"widget\" data-e-type=\"widget\" data-widget_type=\"divider.default\">\n\t\t\t\t<div class=\"elementor-widget-container\">\n\t\t\t\t\t\t\t<div class=\"elementor-divider\">\n\t\t\t<span class=\"elementor-divider-separator\">\n\t\t\t\t\t\t<\/span>\n\t\t<\/div>\n\t\t\t\t\t\t<\/div>\n\t\t\t\t<\/div>\n\t\t\t\t<div class=\"elementor-element elementor-element-bc2714a elementor-widget elementor-widget-text-editor\" data-id=\"bc2714a\" data-element_type=\"widget\" data-e-type=\"widget\" data-widget_type=\"text-editor.default\">\n\t\t\t\t<div class=\"elementor-widget-container\">\n\t\t\t\t\t\t\t\t\t<p>Servicios Sunner: innovaci\u00f3n y asistencia para la repotenciaci\u00f3n solar.<\/p>\t\t\t\t\t\t\t\t<\/div>\n\t\t\t\t<\/div>\n\t\t\t\t<div class=\"elementor-element elementor-element-2bf613a elementor-widget elementor-widget-button\" data-id=\"2bf613a\" data-element_type=\"widget\" data-e-type=\"widget\" data-widget_type=\"button.default\">\n\t\t\t\t<div class=\"elementor-widget-container\">\n\t\t\t\t\t\t\t\t\t<div class=\"elementor-button-wrapper\">\n\t\t\t\t\t<a class=\"elementor-button elementor-button-link elementor-size-sm\" href=\"\">\n\t\t\t\t\t\t<span class=\"elementor-button-content-wrapper\">\n\t\t\t\t\t\t<span class=\"elementor-button-icon\">\n\t\t\t\t<svg aria-hidden=\"true\" class=\"e-font-icon-svg e-fas-arrow-right\" viewBox=\"0 0 448 512\" xmlns=\"http:\/\/www.w3.org\/2000\/svg\"><path d=\"M190.5 66.9l22.2-22.2c9.4-9.4 24.6-9.4 33.9 0L441 239c9.4 9.4 9.4 24.6 0 33.9L246.6 467.3c-9.4 9.4-24.6 9.4-33.9 0l-22.2-22.2c-9.5-9.5-9.3-25 .4-34.3L311.4 296H24c-13.3 0-24-10.7-24-24v-32c0-13.3 10.7-24 24-24h287.4L190.9 101.2c-9.8-9.3-10-24.8-.4-34.3z\"><\/path><\/svg>\t\t\t<\/span>\n\t\t\t\t\t\t\t\t\t<span class=\"elementor-button-text\">SOLICITE SU DIAGN\u00d3STICO GRATUITO<\/span>\n\t\t\t\t\t<\/span>\n\t\t\t\t\t<\/a>\n\t\t\t\t<\/div>\n\t\t\t\t\t\t\t\t<\/div>\n\t\t\t\t<\/div>\n\t\t\t\t<\/div>\n\t\t\t\t<\/div>\n\t\t","protected":false},"excerpt":{"rendered":"<p>&lt;&lt; EXPLORAR OTROS SERVICIOS Formaci\u00f3n &amp; Certificaci\u00f3n del equipo Adem\u00e1s de la formaci\u00f3n para la puesta en marcha, en IED ofrecenis asistencia y formaci\u00f3n pr\u00e1ctica para el uso, diagn\u00f3stico y mantenimiento de los sistemas SUNNER. El objetivo es siempre el mismo: autonom\u00eda, reducci\u00f3n de costes y mejora continua en el funcionamiento. Programa de puesta en [&hellip;]<\/p>\n","protected":false},"author":2,"featured_media":0,"parent":2659,"menu_order":0,"comment_status":"closed","ping_status":"closed","template":"","meta":{"footnotes":""},"class_list":["post-3129","page","type-page","status-publish","hentry"],"yoast_head":"<!-- This site is optimized with the Yoast SEO plugin v27.3 - https:\/\/yoast.com\/product\/yoast-seo-wordpress\/ -->\n<title>Programa de entrenamiento | Sunner Tracking Electronics<\/title>\n<meta name=\"description\" content=\"Capacita a tu equipo en energ\u00eda solar con nuestros programas de formaci\u00f3n. Descubre m\u00e1s y potencia tu conocimiento ahora.\" \/>\n<meta name=\"robots\" content=\"index, follow, max-snippet:-1, max-image-preview:large, max-video-preview:-1\" \/>\n<link rel=\"canonical\" href=\"https:\/\/www.sunnertracking.com\/es\/servicios\/formacion-y-certificacion-del-equipo\/\" \/>\n<meta property=\"og:locale\" content=\"es_ES\" \/>\n<meta property=\"og:type\" content=\"article\" \/>\n<meta property=\"og:title\" content=\"Programa de entrenamiento | Sunner Tracking Electronics\" \/>\n<meta property=\"og:description\" content=\"Capacita a tu equipo en energ\u00eda solar con nuestros programas de formaci\u00f3n. Descubre m\u00e1s y potencia tu conocimiento ahora.\" \/>\n<meta property=\"og:url\" content=\"https:\/\/www.sunnertracking.com\/es\/servicios\/formacion-y-certificacion-del-equipo\/\" \/>\n<meta property=\"og:site_name\" content=\"SUNNER\" \/>\n<meta property=\"article:modified_time\" content=\"2025-11-27T12:35:25+00:00\" \/>\n<meta property=\"og:image\" content=\"https:\/\/www.sunnertracking.com\/wp-content\/uploads\/2025\/07\/foto-tcu-sunner-en-campo-1-scaled.jpg\" \/>\n\t<meta property=\"og:image:width\" content=\"1922\" \/>\n\t<meta property=\"og:image:height\" content=\"2560\" \/>\n\t<meta property=\"og:image:type\" content=\"image\/jpeg\" \/>\n<meta name=\"twitter:card\" content=\"summary_large_image\" \/>\n<meta name=\"twitter:label1\" content=\"Tiempo de lectura\" \/>\n\t<meta name=\"twitter:data1\" content=\"1 minuto\" \/>\n<script type=\"application\/ld+json\" class=\"yoast-schema-graph\">{\"@context\":\"https:\\\/\\\/schema.org\",\"@graph\":[{\"@type\":\"WebPage\",\"@id\":\"https:\\\/\\\/www.sunnertracking.com\\\/es\\\/servicios\\\/formacion-y-certificacion-del-equipo\\\/\",\"url\":\"https:\\\/\\\/www.sunnertracking.com\\\/es\\\/servicios\\\/formacion-y-certificacion-del-equipo\\\/\",\"name\":\"Programa de entrenamiento | Sunner Tracking Electronics\",\"isPartOf\":{\"@id\":\"https:\\\/\\\/www.sunnertracking.com\\\/es\\\/#website\"},\"primaryImageOfPage\":{\"@id\":\"https:\\\/\\\/www.sunnertracking.com\\\/es\\\/servicios\\\/formacion-y-certificacion-del-equipo\\\/#primaryimage\"},\"image\":{\"@id\":\"https:\\\/\\\/www.sunnertracking.com\\\/es\\\/servicios\\\/formacion-y-certificacion-del-equipo\\\/#primaryimage\"},\"thumbnailUrl\":\"https:\\\/\\\/www.sunnertracking.com\\\/wp-content\\\/uploads\\\/2025\\\/07\\\/foto-tcu-sunner-en-campo-1-scaled.jpg\",\"datePublished\":\"2025-09-24T10:57:58+00:00\",\"dateModified\":\"2025-11-27T12:35:25+00:00\",\"description\":\"Capacita a tu equipo en energ\u00eda solar con nuestros programas de formaci\u00f3n. Descubre m\u00e1s y potencia tu conocimiento ahora.\",\"breadcrumb\":{\"@id\":\"https:\\\/\\\/www.sunnertracking.com\\\/es\\\/servicios\\\/formacion-y-certificacion-del-equipo\\\/#breadcrumb\"},\"inLanguage\":\"es\",\"potentialAction\":[{\"@type\":\"ReadAction\",\"target\":[\"https:\\\/\\\/www.sunnertracking.com\\\/es\\\/servicios\\\/formacion-y-certificacion-del-equipo\\\/\"]}]},{\"@type\":\"ImageObject\",\"inLanguage\":\"es\",\"@id\":\"https:\\\/\\\/www.sunnertracking.com\\\/es\\\/servicios\\\/formacion-y-certificacion-del-equipo\\\/#primaryimage\",\"url\":\"https:\\\/\\\/www.sunnertracking.com\\\/wp-content\\\/uploads\\\/2025\\\/07\\\/foto-tcu-sunner-en-campo-1-scaled.jpg\",\"contentUrl\":\"https:\\\/\\\/www.sunnertracking.com\\\/wp-content\\\/uploads\\\/2025\\\/07\\\/foto-tcu-sunner-en-campo-1-scaled.jpg\"},{\"@type\":\"BreadcrumbList\",\"@id\":\"https:\\\/\\\/www.sunnertracking.com\\\/es\\\/servicios\\\/formacion-y-certificacion-del-equipo\\\/#breadcrumb\",\"itemListElement\":[{\"@type\":\"ListItem\",\"position\":1,\"name\":\"Portada\",\"item\":\"https:\\\/\\\/www.sunnertracking.com\\\/es\\\/\"},{\"@type\":\"ListItem\",\"position\":2,\"name\":\"Servicios\",\"item\":\"https:\\\/\\\/www.sunnertracking.com\\\/es\\\/servicios\\\/\"},{\"@type\":\"ListItem\",\"position\":3,\"name\":\"Formaci\u00f3n y certificaci\u00f3n del equipo\"}]},{\"@type\":\"WebSite\",\"@id\":\"https:\\\/\\\/www.sunnertracking.com\\\/es\\\/#website\",\"url\":\"https:\\\/\\\/www.sunnertracking.com\\\/es\\\/\",\"name\":\"Sunner tracking electronics\",\"description\":\"Tracking electronics\",\"publisher\":{\"@id\":\"https:\\\/\\\/www.sunnertracking.com\\\/es\\\/#organization\"},\"potentialAction\":[{\"@type\":\"SearchAction\",\"target\":{\"@type\":\"EntryPoint\",\"urlTemplate\":\"https:\\\/\\\/www.sunnertracking.com\\\/es\\\/?s={search_term_string}\"},\"query-input\":{\"@type\":\"PropertyValueSpecification\",\"valueRequired\":true,\"valueName\":\"search_term_string\"}}],\"inLanguage\":\"es\"},{\"@type\":\"Organization\",\"@id\":\"https:\\\/\\\/www.sunnertracking.com\\\/es\\\/#organization\",\"name\":\"Sunner\",\"url\":\"https:\\\/\\\/www.sunnertracking.com\\\/es\\\/\",\"logo\":{\"@type\":\"ImageObject\",\"inLanguage\":\"es\",\"@id\":\"https:\\\/\\\/www.sunnertracking.com\\\/es\\\/#\\\/schema\\\/logo\\\/image\\\/\",\"url\":\"https:\\\/\\\/www.sunnertracking.com\\\/wp-content\\\/uploads\\\/2025\\\/11\\\/Logo-SUNNER.png\",\"contentUrl\":\"https:\\\/\\\/www.sunnertracking.com\\\/wp-content\\\/uploads\\\/2025\\\/11\\\/Logo-SUNNER.png\",\"width\":363,\"height\":89,\"caption\":\"Sunner\"},\"image\":{\"@id\":\"https:\\\/\\\/www.sunnertracking.com\\\/es\\\/#\\\/schema\\\/logo\\\/image\\\/\"},\"sameAs\":[\"https:\\\/\\\/www.linkedin.com\\\/company\\\/sunner-tracking-electronics\\\/\"]}]}<\/script>\n<!-- \/ Yoast SEO plugin. -->","yoast_head_json":{"title":"Programa de entrenamiento | Sunner Tracking Electronics","description":"Capacita a tu equipo en energ\u00eda solar con nuestros programas de formaci\u00f3n. Descubre m\u00e1s y potencia tu conocimiento ahora.","robots":{"index":"index","follow":"follow","max-snippet":"max-snippet:-1","max-image-preview":"max-image-preview:large","max-video-preview":"max-video-preview:-1"},"canonical":"https:\/\/www.sunnertracking.com\/es\/servicios\/formacion-y-certificacion-del-equipo\/","og_locale":"es_ES","og_type":"article","og_title":"Programa de entrenamiento | Sunner Tracking Electronics","og_description":"Capacita a tu equipo en energ\u00eda solar con nuestros programas de formaci\u00f3n. Descubre m\u00e1s y potencia tu conocimiento ahora.","og_url":"https:\/\/www.sunnertracking.com\/es\/servicios\/formacion-y-certificacion-del-equipo\/","og_site_name":"SUNNER","article_modified_time":"2025-11-27T12:35:25+00:00","og_image":[{"width":1922,"height":2560,"url":"https:\/\/www.sunnertracking.com\/wp-content\/uploads\/2025\/07\/foto-tcu-sunner-en-campo-1-scaled.jpg","type":"image\/jpeg"}],"twitter_card":"summary_large_image","twitter_misc":{"Tiempo de lectura":"1 minuto"},"schema":{"@context":"https:\/\/schema.org","@graph":[{"@type":"WebPage","@id":"https:\/\/www.sunnertracking.com\/es\/servicios\/formacion-y-certificacion-del-equipo\/","url":"https:\/\/www.sunnertracking.com\/es\/servicios\/formacion-y-certificacion-del-equipo\/","name":"Programa de entrenamiento | Sunner Tracking Electronics","isPartOf":{"@id":"https:\/\/www.sunnertracking.com\/es\/#website"},"primaryImageOfPage":{"@id":"https:\/\/www.sunnertracking.com\/es\/servicios\/formacion-y-certificacion-del-equipo\/#primaryimage"},"image":{"@id":"https:\/\/www.sunnertracking.com\/es\/servicios\/formacion-y-certificacion-del-equipo\/#primaryimage"},"thumbnailUrl":"https:\/\/www.sunnertracking.com\/wp-content\/uploads\/2025\/07\/foto-tcu-sunner-en-campo-1-scaled.jpg","datePublished":"2025-09-24T10:57:58+00:00","dateModified":"2025-11-27T12:35:25+00:00","description":"Capacita a tu equipo en energ\u00eda solar con nuestros programas de formaci\u00f3n. Descubre m\u00e1s y potencia tu conocimiento ahora.","breadcrumb":{"@id":"https:\/\/www.sunnertracking.com\/es\/servicios\/formacion-y-certificacion-del-equipo\/#breadcrumb"},"inLanguage":"es","potentialAction":[{"@type":"ReadAction","target":["https:\/\/www.sunnertracking.com\/es\/servicios\/formacion-y-certificacion-del-equipo\/"]}]},{"@type":"ImageObject","inLanguage":"es","@id":"https:\/\/www.sunnertracking.com\/es\/servicios\/formacion-y-certificacion-del-equipo\/#primaryimage","url":"https:\/\/www.sunnertracking.com\/wp-content\/uploads\/2025\/07\/foto-tcu-sunner-en-campo-1-scaled.jpg","contentUrl":"https:\/\/www.sunnertracking.com\/wp-content\/uploads\/2025\/07\/foto-tcu-sunner-en-campo-1-scaled.jpg"},{"@type":"BreadcrumbList","@id":"https:\/\/www.sunnertracking.com\/es\/servicios\/formacion-y-certificacion-del-equipo\/#breadcrumb","itemListElement":[{"@type":"ListItem","position":1,"name":"Portada","item":"https:\/\/www.sunnertracking.com\/es\/"},{"@type":"ListItem","position":2,"name":"Servicios","item":"https:\/\/www.sunnertracking.com\/es\/servicios\/"},{"@type":"ListItem","position":3,"name":"Formaci\u00f3n y certificaci\u00f3n del equipo"}]},{"@type":"WebSite","@id":"https:\/\/www.sunnertracking.com\/es\/#website","url":"https:\/\/www.sunnertracking.com\/es\/","name":"Sunner tracking electronics","description":"Tracking electronics","publisher":{"@id":"https:\/\/www.sunnertracking.com\/es\/#organization"},"potentialAction":[{"@type":"SearchAction","target":{"@type":"EntryPoint","urlTemplate":"https:\/\/www.sunnertracking.com\/es\/?s={search_term_string}"},"query-input":{"@type":"PropertyValueSpecification","valueRequired":true,"valueName":"search_term_string"}}],"inLanguage":"es"},{"@type":"Organization","@id":"https:\/\/www.sunnertracking.com\/es\/#organization","name":"Sunner","url":"https:\/\/www.sunnertracking.com\/es\/","logo":{"@type":"ImageObject","inLanguage":"es","@id":"https:\/\/www.sunnertracking.com\/es\/#\/schema\/logo\/image\/","url":"https:\/\/www.sunnertracking.com\/wp-content\/uploads\/2025\/11\/Logo-SUNNER.png","contentUrl":"https:\/\/www.sunnertracking.com\/wp-content\/uploads\/2025\/11\/Logo-SUNNER.png","width":363,"height":89,"caption":"Sunner"},"image":{"@id":"https:\/\/www.sunnertracking.com\/es\/#\/schema\/logo\/image\/"},"sameAs":["https:\/\/www.linkedin.com\/company\/sunner-tracking-electronics\/"]}]}},"_links":{"self":[{"href":"https:\/\/www.sunnertracking.com\/es\/wp-json\/wp\/v2\/pages\/3129","targetHints":{"allow":["GET"]}}],"collection":[{"href":"https:\/\/www.sunnertracking.com\/es\/wp-json\/wp\/v2\/pages"}],"about":[{"href":"https:\/\/www.sunnertracking.com\/es\/wp-json\/wp\/v2\/types\/page"}],"author":[{"embeddable":true,"href":"https:\/\/www.sunnertracking.com\/es\/wp-json\/wp\/v2\/users\/2"}],"replies":[{"embeddable":true,"href":"https:\/\/www.sunnertracking.com\/es\/wp-json\/wp\/v2\/comments?post=3129"}],"version-history":[{"count":25,"href":"https:\/\/www.sunnertracking.com\/es\/wp-json\/wp\/v2\/pages\/3129\/revisions"}],"predecessor-version":[{"id":3959,"href":"https:\/\/www.sunnertracking.com\/es\/wp-json\/wp\/v2\/pages\/3129\/revisions\/3959"}],"up":[{"embeddable":true,"href":"https:\/\/www.sunnertracking.com\/es\/wp-json\/wp\/v2\/pages\/2659"}],"wp:attachment":[{"href":"https:\/\/www.sunnertracking.com\/es\/wp-json\/wp\/v2\/media?parent=3129"}],"curies":[{"name":"wp","href":"https:\/\/api.w.org\/{rel}","templated":true}]}}